{"id":12,"date":"2012-11-22T15:52:23","date_gmt":"2012-11-22T14:52:23","guid":{"rendered":"http:\/\/winestory.org\/?page_id=12"},"modified":"2022-04-01T09:08:55","modified_gmt":"2022-04-01T08:08:55","slug":"lassociation","status":"publish","type":"page","link":"http:\/\/winestory.org\/?page_id=12","title":{"rendered":"L&rsquo;association"},"content":{"rendered":"<h1 style=\"text-align: justify;\"><span style=\"font-family: verdana, geneva, sans-serif; font-size: 12pt;\"><strong><span style=\"color: #993366;\"><span style=\"color: #5b304e;\">La Philosophie<\/span><br \/>\n<\/span><\/strong><\/span><\/h1>\n<p style=\"text-align: justify;\"><span style=\"font-size: 12pt; font-family: verdana, geneva, sans-serif;\"><a href=\"http:\/\/winestory.org\/wp-content\/uploads\/2012\/11\/philo.jpg\"><img decoding=\"async\" class=\"alignleft size-thumbnail wp-image-43\" style=\"margin-right: 5px; margin-left: 5px; border: 2px solid black;\" title=\"philo\" src=\"http:\/\/winestory.org\/wp-content\/uploads\/2012\/11\/philo-150x150.jpg\" alt=\"\" width=\"150\" height=\"150\" srcset=\"http:\/\/winestory.org\/wp-content\/uploads\/2012\/11\/philo-150x150.jpg 150w, http:\/\/winestory.org\/wp-content\/uploads\/2012\/11\/philo.jpg 300w, http:\/\/winestory.org\/wp-content\/uploads\/2012\/11\/philo-75x75.jpg 75w\" sizes=\"(max-width: 150px) 100vw, 150px\" \/><\/a>Partager avec vous notre passion des vins, \u00e9l\u00e9ment de notre culture, de notre histoire, de notre patrimoine. Vous faire rencontrer nos amis vignerons et producteurs de vins, chercheurs infatigables de la plus belle expression des terroirs, ces subtils cr\u00e9ateurs, explorant sans rel\u00e2che le lien qui unit la terre, le c\u00e9page, le vin et les hommes.<\/span><\/p>\n<p style=\"text-align: justify;\"><span style=\"font-family: verdana, geneva, sans-serif; font-size: 12pt;\">L&rsquo;association <strong><span style=\"color: #993366;\"><span style=\"color: #5b304e;\">WineStory <\/span><\/span><\/strong>a \u00e9t\u00e9 cr\u00e9\u00e9e en 2006 par des passionn\u00e9s, professionnels du vin et de la gastronomie. <span style=\"color: #5b304e;\"><strong>WineStory<\/strong> <\/span>a pour vocation de rassembler ses membres dans une ambiance conviviale, pour faire d\u00e9couvrir les d\u00e9lices des vignobles et du terroir. Fort d&rsquo;une longue exp\u00e9rience, nous vous proposons de partager avec nous, tous les plaisirs de la \u00ab\u00a0culture vin\u00a0\u00bb.<\/span><\/p>\n<h2><span style=\"font-size: 12pt; color: #5b304e; font-family: verdana, geneva, sans-serif;\"><strong>Le Principe<\/strong><\/span><\/h2>\n<p style=\"text-align: justify;\"><span style=\"font-family: verdana, geneva, sans-serif; font-size: 12pt;\"><a href=\"http:\/\/winestory.org\/wp-content\/uploads\/2012\/11\/principe.jpg\"><img decoding=\"async\" class=\"alignright size-thumbnail wp-image-46\" style=\"border: 2px solid black; margin: 5px;\" title=\"principe\" src=\"http:\/\/winestory.org\/wp-content\/uploads\/2012\/11\/principe-150x150.jpg\" alt=\"\" width=\"150\" height=\"150\" srcset=\"http:\/\/winestory.org\/wp-content\/uploads\/2012\/11\/principe-150x150.jpg 150w, http:\/\/winestory.org\/wp-content\/uploads\/2012\/11\/principe-75x75.jpg 75w\" sizes=\"(max-width: 150px) 100vw, 150px\" \/><\/a>Moyennant une cotisation annuelle, que nous souhaitons accessible au plus grand nombre, <span style=\"color: #5b304e;\"><strong>WineStory<\/strong> <\/span>est ouvert \u00e0 tous.<\/span><\/p>\n<p style=\"text-align: justify;\"><span style=\"font-family: verdana, geneva, sans-serif; font-size: 12pt;\">Avec <strong><span style=\"color: #993366;\"><span style=\"color: #5b304e;\"><strong>WineStory<\/strong>, <\/span><\/span><\/strong>que vous soyez n\u00e9ophytes ou \u0153nophiles confirm\u00e9s, chacun participe \u00e0 son rythme aux activit\u00e9s propos\u00e9es par l&rsquo;association. Vous recevez par mail, notre lettre d&rsquo;information qui vous informe des diff\u00e9rentes activit\u00e9s de <span style=\"color: #5b304e;\"><strong>WineStory<\/strong>.<\/span><\/span><\/p>\n<p style=\"text-align: justify;\"><span style=\"color: #993366; font-family: verdana, geneva, sans-serif; font-size: 12pt;\"><strong><a style=\"color: #993366;\" href=\"http:\/\/winestory.org\/wp-content\/uploads\/2019\/03\/Depliant-grandformat2.pdf\"><strong>T\u00e9l\u00e9chargez notre <span style=\"color: #993366;\">d\u00e9pliant<\/span> de pr\u00e9sentation<\/strong><\/a><br \/>\n<\/strong><\/span><\/p>\n<p style=\"text-align: justify;\"><span style=\"font-family: verdana, geneva, sans-serif; font-size: 12pt;\"><a href=\"http:\/\/winestory.org\/?page_id=258\" target=\"_blank\" rel=\"noopener noreferrer\"><strong>Adh\u00e9rer<\/strong><\/a><strong><br \/>\n<\/strong><\/span><\/p>\n","protected":false},"excerpt":{"rendered":"<p>La Philosophie Partager avec vous notre passion des vins, \u00e9l\u00e9ment de notre culture, de notre histoire, de notre patrimoine. Vous faire rencontrer nos amis vignerons et producteurs de vins, chercheurs infatigables de la plus belle expression des terroirs, ces subtils cr\u00e9ateurs, explorant sans rel\u00e2che le lien qui unit la terre, le c\u00e9page, le vin et les hommes. L&rsquo;association WineStory a \u00e9t\u00e9 cr\u00e9\u00e9e en 2006 par des passionn\u00e9s, professionnels du vin et de la gastronomie. WineStory a pour vocation de rassembler ses membres dans une ambiance conviviale, pour faire d\u00e9couvrir les d\u00e9lices des vignobles et du terroir. Fort d&rsquo;une longue exp\u00e9rience, nous vous proposons de partager avec nous, tous les plaisirs de la \u00ab\u00a0culture vin\u00a0\u00bb. Le Principe Moyennant une cotisation annuelle, que nous souhaitons accessible au plus grand nombre, WineStory est ouvert \u00e0 tous. Avec WineStory, que vous soyez n\u00e9ophytes ou \u0153nophiles confirm\u00e9s, chacun participe \u00e0 son rythme aux activit\u00e9s propos\u00e9es par l&rsquo;association. Vous recevez par mail, notre lettre d&rsquo;information qui vous informe des diff\u00e9rentes activit\u00e9s de WineStory. T\u00e9l\u00e9chargez notre d\u00e9pliant de pr\u00e9sentation Adh\u00e9rer<\/p>\n","protected":false},"author":1,"featured_media":0,"parent":0,"menu_order":0,"comment_status":"open","ping_status":"open","template":"","meta":{"ngg_post_thumbnail":0,"footnotes":"","_links_to":"","_links_to_target":""},"class_list":["post-12","page","type-page","status-publish","hentry"],"aioseo_notices":[],"acf":[],"_links":{"self":[{"href":"http:\/\/winestory.org\/index.php?rest_route=\/wp\/v2\/pages\/12","targetHints":{"allow":["GET"]}}],"collection":[{"href":"http:\/\/winestory.org\/index.php?rest_route=\/wp\/v2\/pages"}],"about":[{"href":"http:\/\/winestory.org\/index.php?rest_route=\/wp\/v2\/types\/page"}],"author":[{"embeddable":true,"href":"http:\/\/winestory.org\/index.php?rest_route=\/wp\/v2\/users\/1"}],"replies":[{"embeddable":true,"href":"http:\/\/winestory.org\/index.php?rest_route=%2Fwp%2Fv2%2Fcomments&post=12"}],"version-history":[{"count":0,"href":"http:\/\/winestory.org\/index.php?rest_route=\/wp\/v2\/pages\/12\/revisions"}],"wp:attachment":[{"href":"http:\/\/winestory.org\/index.php?rest_route=%2Fwp%2Fv2%2Fmedia&parent=12"}],"curies":[{"name":"wp","href":"https:\/\/api.w.org\/{rel}","templated":true}]}}