{"id":149,"date":"2012-11-23T15:02:41","date_gmt":"2012-11-23T14:02:41","guid":{"rendered":"http:\/\/winestory.org\/?page_id=149"},"modified":"2012-11-23T15:03:11","modified_gmt":"2012-11-23T14:03:11","slug":"achats-groupes","status":"publish","type":"page","link":"http:\/\/winestory.org\/?page_id=149","title":{"rendered":"Achats group\u00e9s"},"content":{"rendered":"<p style=\"text-align: justify;\"><span style=\"font-size: small; font-family: verdana,geneva;\"><a href=\"http:\/\/www.lexpress.fr\/medias\/1095\/560830_wine-bottles-on-a-rack-in-a-restaurant-bouteilles-de-vin-dans-un-restaurant.jpg\"><img fetchpriority=\"high\" decoding=\"async\" class=\"alignright\" style=\"border: 2px solid black; margin: 5px;\" src=\"http:\/\/www.lexpress.fr\/medias\/1095\/560830_wine-bottles-on-a-rack-in-a-restaurant-bouteilles-de-vin-dans-un-restaurant.jpg\" alt=\"\" width=\"375\" height=\"250\" \/><\/a>Gr\u00e2ce aux regroupements d&rsquo;achats, en partenariat avec des vignerons et des producteurs de produits du terroir, d\u00e9couvrez \u00e0 moindre co\u00fbt et avec un conseil avis\u00e9 les bons rapport\/qualit\u00e9 prix de notre terroir.<\/span><\/p>\n<p style=\"text-align: justify;\"><span style=\"font-size: small; font-family: verdana,geneva;\"><span style=\"color: #5b304e;\"><strong>WineStory<\/strong> <\/span>vous propose r\u00e9guli\u00e8rement des regroupements d&rsquo;achats sur les diff\u00e9rents vins qui ont \u00e9t\u00e9 s\u00e9lectionn\u00e9s et d\u00e9gust\u00e9s lors de nos diff\u00e9rentes manifestations, rencontres et visites.<\/span><\/p>\n<p style=\"text-align: justify;\"><strong><span style=\"font-size: small; font-family: verdana,geneva;\">Aucune obligation d&rsquo;achat.<\/span><\/strong><\/p>\n<p style=\"text-align: justify;\"><span style=\"font-size: small; font-family: verdana,geneva;\"><span style=\"color: #5b304e;\"><strong>WineStory<\/strong> <\/span>s\u00e9lectionne les meilleurs vins et n\u00e9gocie les meilleures conditions, pour vous faire b\u00e9n\u00e9ficier de prix pr\u00e9f\u00e9rentiels (Commande minimum de 6 bouteilles d&rsquo;un m\u00eame vigneron).<\/span><\/p>\n","protected":false},"excerpt":{"rendered":"<p>Gr\u00e2ce aux regroupements d&rsquo;achats, en partenariat avec des vignerons et des producteurs de produits du terroir, d\u00e9couvrez \u00e0 moindre co\u00fbt et avec un conseil avis\u00e9 les bons rapport\/qualit\u00e9 prix de notre terroir. WineStory vous propose r\u00e9guli\u00e8rement des regroupements d&rsquo;achats sur les diff\u00e9rents vins qui ont \u00e9t\u00e9 s\u00e9lectionn\u00e9s et d\u00e9gust\u00e9s lors de nos diff\u00e9rentes manifestations, rencontres et visites. Aucune obligation d&rsquo;achat. WineStory s\u00e9lectionne les meilleurs vins et n\u00e9gocie les meilleures conditions, pour vous faire b\u00e9n\u00e9ficier de prix pr\u00e9f\u00e9rentiels (Commande minimum de 6 bouteilles d&rsquo;un m\u00eame vigneron).<\/p>\n","protected":false},"author":1,"featured_media":0,"parent":0,"menu_order":18,"comment_status":"open","ping_status":"open","template":"page-full.php","meta":{"ngg_post_thumbnail":0,"footnotes":"","_links_to":"","_links_to_target":""},"class_list":["post-149","page","type-page","status-publish","hentry"],"aioseo_notices":[],"acf":[],"_links":{"self":[{"href":"http:\/\/winestory.org\/index.php?rest_route=\/wp\/v2\/pages\/149","targetHints":{"allow":["GET"]}}],"collection":[{"href":"http:\/\/winestory.org\/index.php?rest_route=\/wp\/v2\/pages"}],"about":[{"href":"http:\/\/winestory.org\/index.php?rest_route=\/wp\/v2\/types\/page"}],"author":[{"embeddable":true,"href":"http:\/\/winestory.org\/index.php?rest_route=\/wp\/v2\/users\/1"}],"replies":[{"embeddable":true,"href":"http:\/\/winestory.org\/index.php?rest_route=%2Fwp%2Fv2%2Fcomments&post=149"}],"version-history":[{"count":0,"href":"http:\/\/winestory.org\/index.php?rest_route=\/wp\/v2\/pages\/149\/revisions"}],"wp:attachment":[{"href":"http:\/\/winestory.org\/index.php?rest_route=%2Fwp%2Fv2%2Fmedia&parent=149"}],"curies":[{"name":"wp","href":"https:\/\/api.w.org\/{rel}","templated":true}]}}