{"id":197,"date":"2012-11-28T17:41:22","date_gmt":"2012-11-28T16:41:22","guid":{"rendered":"http:\/\/winestory.org\/?page_id=197"},"modified":"2014-06-04T10:18:50","modified_gmt":"2014-06-04T09:18:50","slug":"languedoc-roussillon","status":"publish","type":"page","link":"http:\/\/winestory.org\/?page_id=197","title":{"rendered":"Languedoc-Roussillon"},"content":{"rendered":"<table border=\"0\" align=\"left\">\n<tbody>\n<tr>\n<td><span style=\"font-size: small; font-family: verdana,geneva;\"><a href=\"http:\/\/winestory.org\/wp-content\/uploads\/2012\/11\/VACANCES-r\u00e9gion-de-Limoux-2010-004.jpg\"><img decoding=\"async\" class=\"aligncenter wp-image-472\" style=\"border: 2px solid black; margin: 5px;\" src=\"http:\/\/winestory.org\/wp-content\/uploads\/2012\/11\/VACANCES-r\u00e9gion-de-Limoux-2010-004.jpg\" alt=\"VACANCES  r\u00e9gion de Limoux 2010 004\" width=\"150\" height=\"308\" srcset=\"http:\/\/winestory.org\/wp-content\/uploads\/2012\/11\/VACANCES-r\u00e9gion-de-Limoux-2010-004.jpg 354w, http:\/\/winestory.org\/wp-content\/uploads\/2012\/11\/VACANCES-r\u00e9gion-de-Limoux-2010-004-146x300.jpg 146w\" sizes=\"(max-width: 150px) 100vw, 150px\" \/><\/a>\u00a0<\/span><\/td>\n<td style=\"text-align: justify;\"><span style=\"font-size: 10pt;\"><span style=\"color: #5b304e; font-family: verdana, geneva;\"><strong>Cr\u00e9mant de Limoux<br \/>\n<\/strong><\/span><span style=\"font-family: verdana, geneva;\"><strong>EARL LES CABAGNOLS<\/strong><\/span><\/span><br \/>\n<span style=\"font-size: 10pt; font-family: verdana, geneva;\"> 11190 Conilhac-de-la-Montagne<\/span><br \/>\n<span style=\"font-size: 10pt; font-family: verdana, geneva;\"> T\u00e9l\u00e9phone : 04.68.74.28.47<\/span><\/td>\n<\/tr>\n<tr>\n<td><span style=\"font-size: small; font-family: verdana,geneva;\"><a href=\"http:\/\/winestory.org\/wp-content\/uploads\/2012\/11\/rose.png\"><img decoding=\"async\" class=\"aligncenter wp-image-963\" src=\"http:\/\/winestory.org\/wp-content\/uploads\/2012\/11\/rose.png\" alt=\"rose\" width=\"150\" height=\"277\" srcset=\"http:\/\/winestory.org\/wp-content\/uploads\/2012\/11\/rose.png 200w, http:\/\/winestory.org\/wp-content\/uploads\/2012\/11\/rose-163x300.png 163w\" sizes=\"(max-width: 150px) 100vw, 150px\" \/><\/a><\/span><\/td>\n<td style=\"text-align: justify;\"><span style=\"font-family: verdana, geneva; font-size: 10pt;\"><span style=\"color: #5b304e;\"><strong>Fitou<br \/>\n<\/strong><\/span><a href=\"http:\/\/www.grandguilhem.com\/\" target=\"_blank\"><strong>Domaine Grand Guilhem<\/strong><\/a><\/span><br \/>\n<span style=\"font-family: verdana, geneva; font-size: 10pt;\">S\u00e9vrine et Gilles Contrepois<br \/>\n1 chemin du Col de la Serre<br \/>\n11360 CASCASTEL-DES-CORBIERES<\/span><br \/>\n<span style=\"font-family: verdana, geneva; font-size: 10pt;\">T\u00e9l\u00e9phone : 04.68.45.86.67<\/span><\/td>\n<\/tr>\n<\/tbody>\n<\/table>\n","protected":false},"excerpt":{"rendered":"<p>\u00a0 Cr\u00e9mant de Limoux EARL LES CABAGNOLS 11190 Conilhac-de-la-Montagne T\u00e9l\u00e9phone : 04.68.74.28.47 Fitou Domaine Grand Guilhem S\u00e9vrine et Gilles Contrepois 1 chemin du Col de la Serre 11360 CASCASTEL-DES-CORBIERES T\u00e9l\u00e9phone : 04.68.45.86.67<\/p>\n","protected":false},"author":1,"featured_media":0,"parent":58,"menu_order":17,"comment_status":"open","ping_status":"open","template":"page-full.php","meta":{"ngg_post_thumbnail":0,"footnotes":"","_links_to":"","_links_to_target":""},"class_list":["post-197","page","type-page","status-publish","hentry"],"aioseo_notices":[],"acf":[],"_links":{"self":[{"href":"http:\/\/winestory.org\/index.php?rest_route=\/wp\/v2\/pages\/197","targetHints":{"allow":["GET"]}}],"collection":[{"href":"http:\/\/winestory.org\/index.php?rest_route=\/wp\/v2\/pages"}],"about":[{"href":"http:\/\/winestory.org\/index.php?rest_route=\/wp\/v2\/types\/page"}],"author":[{"embeddable":true,"href":"http:\/\/winestory.org\/index.php?rest_route=\/wp\/v2\/users\/1"}],"replies":[{"embeddable":true,"href":"http:\/\/winestory.org\/index.php?rest_route=%2Fwp%2Fv2%2Fcomments&post=197"}],"version-history":[{"count":0,"href":"http:\/\/winestory.org\/index.php?rest_route=\/wp\/v2\/pages\/197\/revisions"}],"up":[{"embeddable":true,"href":"http:\/\/winestory.org\/index.php?rest_route=\/wp\/v2\/pages\/58"}],"wp:attachment":[{"href":"http:\/\/winestory.org\/index.php?rest_route=%2Fwp%2Fv2%2Fmedia&parent=197"}],"curies":[{"name":"wp","href":"https:\/\/api.w.org\/{rel}","templated":true}]}}