{"id":258,"date":"2012-11-29T17:08:07","date_gmt":"2012-11-29T16:08:07","guid":{"rendered":"http:\/\/winestory.org\/?page_id=258"},"modified":"2025-09-04T09:29:29","modified_gmt":"2025-09-04T08:29:29","slug":"adherer","status":"publish","type":"page","link":"http:\/\/winestory.org\/?page_id=258","title":{"rendered":"Adh\u00e9rer"},"content":{"rendered":"<p style=\"text-align: justify;\"><span style=\"font-size: 12pt; font-family: verdana, geneva;\">L&rsquo;adh\u00e9sion se veut accessible \u00e0 tous, d&rsquo;o\u00f9 le co\u00fbt tr\u00e8s modique \u00e0 <strong>15 euros (pour une personne seule), et de 25 euros pour un couple (m\u00eame adresse)<\/strong>. Tout au long de l&rsquo;ann\u00e9e, <span style=\"color: #800080;\"><strong>WineStory<\/strong><\/span> organise pour vous (moyennant participation) des d\u00e9gustations \u00e0 th\u00e8mes, des repas \u00ab\u00a0accord mets et vins\u00a0\u00bb, des initiations ou perfectionnement \u00e0 la d\u00e9gustation.<br \/>\n<\/span><\/p>\n<p style=\"text-align: justify;\"><span style=\"font-size: 12pt; font-family: verdana, geneva;\">Bien entendu, l&rsquo;adh\u00e9sion est <strong>r\u00e9serv\u00e9e aux personnes majeures.<\/strong><\/span><\/p>\n<p><strong><span style=\"font-family: verdana, geneva, sans-serif; font-size: 12pt;\">Vous pouvez nous rejoindre, en utilisant et en remplissant la fen\u00eatre d&rsquo;adh\u00e9sion ci-dessous :<\/span><\/strong><\/p>\n<p><iframe src=\"https:\/\/winestory.s2.yapla.com\/fr\/espace-membres\" width=\"950\" height=\"1500\"><span data-mce-type=\"bookmark\" style=\"display: inline-block; width: 0px; overflow: hidden; line-height: 0;\" class=\"mce_SELRES_start\">\ufeff<\/span><\/iframe><\/p>\n<ul style=\"text-align: justify;\">\n<li><span style=\"font-size: 12pt; font-family: verdana, geneva;\">Les statuts et le r\u00e8glement int\u00e9rieur sont \u00e0 votre disposition sur simple demande au si\u00e8ge de l\u2019association.<\/span><\/li>\n<li><span style=\"font-size: 12pt; font-family: verdana, geneva;\">Les informations recueillies sont indispensables pour votre adh\u00e9sion. Elles font l\u2019objet d\u2019un traitement informatique et sont destin\u00e9es au secr\u00e9tariat de l\u2019association. En application des articles 39 et suivants de la loi du 6 janvier 1978 modifi\u00e9e, vous b\u00e9n\u00e9ficiez d\u2019un droit d\u2019acc\u00e8s et de rectification aux informations qui vous concernent. Si vous souhaitez exercer ce droit et obtenir communication des informations vous concernant, veuillez vous adresser au secr\u00e9taire de l\u2019association.<\/span><\/li>\n<\/ul>\n","protected":false},"excerpt":{"rendered":"<p>L&rsquo;adh\u00e9sion se veut accessible \u00e0 tous, d&rsquo;o\u00f9 le co\u00fbt tr\u00e8s modique \u00e0 15 euros (pour une personne seule), et de 25 euros pour un couple (m\u00eame adresse). Tout au long de l&rsquo;ann\u00e9e, WineStory organise pour vous (moyennant participation) des d\u00e9gustations \u00e0 th\u00e8mes, des repas \u00ab\u00a0accord mets et vins\u00a0\u00bb, des initiations ou perfectionnement \u00e0 la d\u00e9gustation. Bien entendu, l&rsquo;adh\u00e9sion est r\u00e9serv\u00e9e aux personnes majeures. Vous pouvez nous rejoindre, en utilisant et en remplissant la fen\u00eatre d&rsquo;adh\u00e9sion ci-dessous : \ufeff Les statuts et le r\u00e8glement int\u00e9rieur sont \u00e0 votre disposition sur simple demande au si\u00e8ge de l\u2019association. Les informations recueillies sont indispensables pour votre adh\u00e9sion. Elles font l\u2019objet d\u2019un traitement informatique et sont destin\u00e9es au secr\u00e9tariat de l\u2019association. En application des articles 39 et suivants de la loi du 6 janvier 1978 modifi\u00e9e, vous b\u00e9n\u00e9ficiez d\u2019un droit d\u2019acc\u00e8s et de rectification aux informations qui vous concernent. Si vous souhaitez exercer ce droit et obtenir communication des informations vous concernant, veuillez vous adresser au secr\u00e9taire de l\u2019association.<\/p>\n","protected":false},"author":1,"featured_media":0,"parent":12,"menu_order":10,"comment_status":"open","ping_status":"open","template":"","meta":{"ngg_post_thumbnail":0,"footnotes":"","_links_to":"","_links_to_target":""},"class_list":["post-258","page","type-page","status-publish","hentry"],"aioseo_notices":[],"acf":[],"_links":{"self":[{"href":"http:\/\/winestory.org\/index.php?rest_route=\/wp\/v2\/pages\/258","targetHints":{"allow":["GET"]}}],"collection":[{"href":"http:\/\/winestory.org\/index.php?rest_route=\/wp\/v2\/pages"}],"about":[{"href":"http:\/\/winestory.org\/index.php?rest_route=\/wp\/v2\/types\/page"}],"author":[{"embeddable":true,"href":"http:\/\/winestory.org\/index.php?rest_route=\/wp\/v2\/users\/1"}],"replies":[{"embeddable":true,"href":"http:\/\/winestory.org\/index.php?rest_route=%2Fwp%2Fv2%2Fcomments&post=258"}],"version-history":[{"count":0,"href":"http:\/\/winestory.org\/index.php?rest_route=\/wp\/v2\/pages\/258\/revisions"}],"up":[{"embeddable":true,"href":"http:\/\/winestory.org\/index.php?rest_route=\/wp\/v2\/pages\/12"}],"wp:attachment":[{"href":"http:\/\/winestory.org\/index.php?rest_route=%2Fwp%2Fv2%2Fmedia&parent=258"}],"curies":[{"name":"wp","href":"https:\/\/api.w.org\/{rel}","templated":true}]}}