{"id":384,"date":"2012-12-07T15:02:42","date_gmt":"2012-12-07T14:02:42","guid":{"rendered":"http:\/\/winestory.org\/?page_id=384"},"modified":"2012-12-07T15:20:17","modified_gmt":"2012-12-07T14:20:17","slug":"jura","status":"publish","type":"page","link":"http:\/\/winestory.org\/?page_id=384","title":{"rendered":"Jura"},"content":{"rendered":"<p style=\"text-align: justify;\"><span style=\"color: #5b304e;\"><strong><span style=\"font-size: small; font-family: verdana,geneva;\">Situation g\u00e9ographique<\/span><\/strong><\/span><\/p>\n<p style=\"text-align: justify;\"><span style=\"font-size: small; font-family: verdana,geneva;\"><a href=\"http:\/\/winestory.org\/wp-content\/uploads\/2012\/12\/carte.png\"><img fetchpriority=\"high\" decoding=\"async\" class=\"alignleft size-full wp-image-385\" style=\"margin: 5px;\" title=\"carte\" src=\"http:\/\/winestory.org\/wp-content\/uploads\/2012\/12\/carte.png\" alt=\"\" width=\"348\" height=\"509\" srcset=\"http:\/\/winestory.org\/wp-content\/uploads\/2012\/12\/carte.png 348w, http:\/\/winestory.org\/wp-content\/uploads\/2012\/12\/carte-205x300.png 205w\" sizes=\"(max-width: 348px) 100vw, 348px\" \/><\/a>Petit villages aux grands toits, clochers aux bulbes comtois, c&rsquo;est le jura. Il fut Bourguignon puis Espagnol avant de redevenir Fran\u00e7ais sous Louis XIV. C&rsquo;est le d\u00e9partement du Jura, le vignoble est situ\u00e9 entre l&rsquo;Ain et le Doubs, sur une bande de terrain allant de Sallins \u00e0 saint Amour, sur pr\u00e8s de 80 km de longueur et 12 km sur sa plus grande largeur : un chapelet de grains de raisin. Son vignoble le Revermont s&rsquo;\u00e9tend sur une fracture g\u00e9ologique s\u00e9parant la plaine de la Bresse et le premier plateau des monts du Jura. Les \u00ab\u00a0recul\u00e9s forment des marchent d&rsquo;escalier rocheuses et bois\u00e9es. Elles donnent une profonde originalit\u00e9 \u00e0 ce paysage d\u00e9j\u00e0 grave et rude, qu&rsquo;adoucissent les coteaux plant\u00e9s de vigne.<\/span><\/p>\n<p style=\"text-align: justify;\"><span style=\"font-size: small; font-family: verdana,geneva;\">Le vignoble est situ\u00e9 entre 220 et 380 m d&rsquo;altitude, il est g\u00e9n\u00e9ralement expos\u00e9 \u00e0 l&rsquo;ouest, parfois au sud ouest et au midi au gr\u00e9 des combes. Assez plat aux abords de l&rsquo;Ain, le relief s&rsquo;anime ensuite, surtout de Ch\u00e2teau Chalon \u00e0 Arbois. Au dessus de Salins, le Mont Poupet marque la fin du vignoble.<\/span><\/p>\n<p style=\"text-align: justify;\"><span style=\"color: #5b304e;\"><strong><span style=\"font-size: small; font-family: verdana,geneva;\">Historique<\/span><\/strong><\/span><\/p>\n<p style=\"text-align: justify;\"><span style=\"font-size: small; font-family: verdana,geneva;\">Le vignoble du Jura est l&rsquo;un des plus vieux de France. Le premier personnage \u00e0 parler des vins du Jura fut le consul romain Pline le jeune (62-144). C&rsquo;est d&rsquo;ailleurs sous l&rsquo;impulsion des Romains que le vignoble prendra son essor. Un essor qui ne devait ensuite jamais se d\u00e9mentir. Arbois, Ch\u00e2teau-Chalon, l&rsquo;Etoile, les trois perles viticoles jurassiennes seront cit\u00e9es pour leurs qualit\u00e9s d\u00e8s le premier mill\u00e9naire.<\/span><\/p>\n<p style=\"text-align: justify;\"><span style=\"font-size: small; font-family: verdana,geneva;\">Le vignoble du Jura atteindra son apog\u00e9e \u00e0 la fin du 19\u00e8me si\u00e8cle avec 20 000 ha. Le phyllox\u00e9ra, les guerres, les conjonctures difficiles l&rsquo;affecteront beaucoup. Il ne fait gu\u00e8re plus de 1500 ha aujourd&rsquo;hui en AOC et une production de l&rsquo;ordre de 41 000 hl.<\/span><\/p>\n<p style=\"text-align: justify;\"><span style=\"font-size: small; font-family: verdana,geneva;\">La vigne de Pasteur : enfant du Jura, le grand savant Louis Pasteur v\u00e9cut \u00e0 Arbois dans la maison de son p\u00e8re qui exer\u00e7ait le m\u00e9tier de tanneur, Pasteur resta tr\u00e8s attach\u00e9 \u00e0 cette petite ville.<\/span><br \/>\n<span style=\"font-size: small; font-family: verdana,geneva;\"> Sur une vigne acquise en 3 parcelles en 1874, 1879, et 1892, il proc\u00e9da \u00e0 des travaux qui lui permirent d&rsquo;\u00e9tudier les myst\u00e8res de la fermentation alcoolique. Les r\u00e9sultats de ses exp\u00e9riences apport\u00e8rent certes \u00e0 la m\u00e9decine un rem\u00e8de aux maladies infectieuses, mais ils sont aussi \u00e0 l&rsquo;origine de la science du vin et de l\u2019\u0153nologie.<\/span><\/p>\n<p style=\"text-align: justify;\"><span style=\"color: #5b304e;\"><strong><span style=\"font-size: small; font-family: verdana,geneva;\">Le climat<\/span><\/strong><\/span><\/p>\n<p style=\"text-align: justify;\"><span style=\"font-size: small; font-family: verdana,geneva;\">Le climat est semi-continental. Les hivers sont rudes. Mais le temps cl\u00e9ment d\u00e9marre d\u00e9s les premiers jours du printemps pour donner des \u00e9t\u00e9s et des automnes particuli\u00e8rement chauds. Les vendanges ne commencent gu\u00e8re avant le 1er octobre. Si le climat soumet parfois la vigne \u00e0 des rigueurs, l(ensoleillement compense ces difficult\u00e9s.<\/span><\/p>\n<p style=\"text-align: justify;\"><span style=\"color: #5b304e;\"><strong><span style=\"font-size: small; font-family: verdana,geneva;\">Sols<\/span><\/strong><\/span><\/p>\n<p style=\"text-align: justify;\"><span style=\"font-size: small; font-family: verdana,geneva;\">Les marnes bleues, noires ou rouges constituent la grande majorit\u00e9 du sous-sol. Quelques \u00e9boulis calcaires du plateau les recouvrent \u00e7\u00e0 et l\u00e0 dans le vignoble nord. Tr\u00e8s enchev\u00eatr\u00e9s par les caprices d&rsquo;une g\u00e9ologie agit\u00e9e, les terrains appartiennent au Secondaire : marnes rouges lie de vin, argileuses qui donnent les rouges et les ros\u00e9s, marnes bleues m\u00eal\u00e9es aux \u00e9boulis calcaires o\u00f9 r\u00e9ussissent tr\u00e8s bien les blancs.<\/span><\/p>\n<p style=\"text-align: justify;\"><span style=\"color: #5b304e;\"><strong><span style=\"font-size: small; font-family: verdana,geneva;\">C\u00e9pages<\/span><\/strong><\/span><\/p>\n<p style=\"text-align: justify;\"><span style=\"font-size: small; font-family: verdana,geneva;\">Les vignerons cultivent 3 c\u00e9pages rouges et 2 c\u00e9pages blancs, \u00e0 savoir :<\/span><\/p>\n<p style=\"text-align: justify;\"><span style=\"font-size: small; font-family: verdana,geneva;\">Pour les rouges :<\/span><\/p>\n<ul>\n<li><span style=\"font-size: small; font-family: verdana,geneva;\">Poulsard ou Ploussard, Pinot noir, Trousseau<\/span><\/li>\n<\/ul>\n<table border=\"0\" align=\"center\">\n<tbody>\n<tr>\n<td><a href=\"http:\/\/www.1001degustations.com\/images\/cepage\/vignette600\/1212422565.jpg\"><img decoding=\"async\" class=\"aligncenter\" src=\"http:\/\/www.1001degustations.com\/images\/cepage\/vignette600\/1212422565.jpg\" alt=\"\" width=\"252\" height=\"292\" \/><\/a><\/td>\n<td><a href=\"http:\/\/www.1001degustations.com\/images\/cepage\/vignette600\/1212423121.jpg\"><img decoding=\"async\" class=\"alignnone\" src=\"http:\/\/www.1001degustations.com\/images\/cepage\/vignette600\/1212423121.jpg\" alt=\"\" width=\"250\" height=\"292\" \/><\/a><\/td>\n<td><a href=\"http:\/\/www.mesvignes.com\/blog\/wp-content\/uploads\/2008\/08\/pinot_noir.jpg\"><img loading=\"lazy\" decoding=\"async\" class=\"aligncenter\" src=\"http:\/\/www.mesvignes.com\/blog\/wp-content\/uploads\/2008\/08\/pinot_noir.jpg\" alt=\"\" width=\"219\" height=\"292\" \/><\/a><\/td>\n<\/tr>\n<tr>\n<td style=\"text-align: center;\">C\u00e9page Poulsard<\/td>\n<td style=\"text-align: center;\">C\u00e9page Trousseau<\/td>\n<td style=\"text-align: center;\">C\u00e9page Pinot Noir<\/td>\n<\/tr>\n<\/tbody>\n<\/table>\n<p style=\"text-align: justify;\"><span style=\"font-size: small; font-family: verdana,geneva;\">Pour les blancs :<\/span><\/p>\n<ul>\n<li><span style=\"font-size: small; font-family: verdana,geneva;\">Chardonnay appel\u00e9 melon en Arbois ou gamay blanc, Savagnin ou natur\u00e9 (le savagnin est typiquement Jurassien, il n&rsquo;est pas cultiv\u00e9 ailleurs)<\/span><\/li>\n<\/ul>\n<p>&nbsp;<\/p>\n<table border=\"0\" align=\"center\">\n<tbody>\n<tr>\n<td><a href=\"http:\/\/www.moneden.fr\/thumbnails\/big1\/Vigne-Cepage-Chardonnay-Meursault-2.jpg\"><img loading=\"lazy\" decoding=\"async\" class=\"aligncenter\" src=\"http:\/\/www.moneden.fr\/thumbnails\/big1\/Vigne-Cepage-Chardonnay-Meursault-2.jpg\" alt=\"\" width=\"292\" height=\"292\" \/><\/a><\/td>\n<td><a href=\"http:\/\/www.vins-geneve.ch\/images\/albums\/Savagnin_Blanc\/pic\/savagnin_blanc.jpg\"><img loading=\"lazy\" decoding=\"async\" class=\"aligncenter\" src=\"http:\/\/www.vins-geneve.ch\/images\/albums\/Savagnin_Blanc\/pic\/savagnin_blanc.jpg\" alt=\"\" width=\"303\" height=\"292\" \/><\/a><\/td>\n<\/tr>\n<tr>\n<td style=\"text-align: center;\">C\u00e9page Chardonnay<\/td>\n<td style=\"text-align: center;\">C\u00e9page Savagnin<\/td>\n<\/tr>\n<\/tbody>\n<\/table>\n<p style=\"text-align: justify;\"><span style=\"font-size: small; font-family: verdana,geneva;\">Ils produisent des vins qui ont vraiment, comme les Jurassiens, leur accent. Rouges et ros\u00e9s sont francs, fruit\u00e9s et floraux avec juste ce qu&rsquo;il faut de corps pour s&rsquo;\u00e9panouir apr\u00e8s quelques ann\u00e9es. Les ros\u00e9s pr\u00e9sentent ici la particularit\u00e9 d&rsquo;\u00eatre des faux rouges, car il sont vinifi\u00e9s comme des rouges, par cuvaison longue. Leur faible couleur n&rsquo;est due qu&rsquo;\u00e0 la particularit\u00e9 du c\u00e9page Poulsard, peu color\u00e9. Ils ont par ailleurs le caract\u00e8re des vins rouges et prennent souvent une teinte tuil\u00e9e au vieillissement. Secs aux ar\u00f4mes de noix, noisette et d&rsquo;amande grill\u00e9es, les blancs expriment une personnalit\u00e9 qui tire parfois sur le jaune (il s&rsquo;agit d&rsquo;un go\u00fbt et non pas d&rsquo;une couleur) et les rend absolument uniques. On y produit \u00e9galement d&rsquo;excellents effervescents.<\/span><\/p>\n<p style=\"text-align: justify;\"><span style=\"color: #5b304e;\"><strong><span style=\"font-size: small; font-family: verdana,geneva;\">Les Appellations du Jura<\/span><\/strong><\/span><\/p>\n<p style=\"text-align: justify;\"><span style=\"font-size: small; font-family: verdana,geneva;\"><a href=\"http:\/\/winestory.org\/wp-content\/uploads\/2012\/12\/454005.png\"><img loading=\"lazy\" decoding=\"async\" class=\"wp-image-394 alignright\" title=\"454005\" src=\"http:\/\/winestory.org\/wp-content\/uploads\/2012\/12\/454005-150x150.png\" alt=\"\" width=\"150\" height=\"150\" srcset=\"http:\/\/winestory.org\/wp-content\/uploads\/2012\/12\/454005-150x150.png 150w, http:\/\/winestory.org\/wp-content\/uploads\/2012\/12\/454005-75x75.png 75w\" sizes=\"(max-width: 150px) 100vw, 150px\" \/><\/a><\/span><em><span style=\"font-size: small; font-family: verdana,geneva;\">C\u00f4tes du Jura<\/span><\/em><\/p>\n<p style=\"text-align: justify;\"><span style=\"font-size: small; font-family: verdana,geneva;\">C&rsquo;est l&rsquo;appellation g\u00e9n\u00e9rique du vignoble elle recouvre tout le vignoble. Elle englobe une soixantaine de villages viticoles dont les plus connus sont Poligny (ou le vin rencontre sur sa route le fromage de Comt\u00e9), Voiteur, Le Vernois (ou le vignoble \u00e0 \u00e9t\u00e9 totalement remembr\u00e9, cas unique en France), Arlay, Gevingey, Rotalier, Beaufort \u00e0 l\u2019exception des appellation Arbois, Ch\u00e2teau Chalon et l&rsquo;Etoile. Mais tous ont leur charme et leur terroir propre.<\/span><\/p>\n<p style=\"text-align: justify;\"><span style=\"font-size: small; font-family: verdana,geneva;\"><a href=\"http:\/\/winestory.org\/wp-content\/uploads\/2012\/12\/arbois-jura.jpg\"><img loading=\"lazy\" decoding=\"async\" class=\"alignleft size-thumbnail wp-image-393\" style=\"margin: 5px;\" title=\"SONY DSC\" src=\"http:\/\/winestory.org\/wp-content\/uploads\/2012\/12\/arbois-jura-150x150.jpg\" alt=\"\" width=\"150\" height=\"150\" srcset=\"http:\/\/winestory.org\/wp-content\/uploads\/2012\/12\/arbois-jura-150x150.jpg 150w, http:\/\/winestory.org\/wp-content\/uploads\/2012\/12\/arbois-jura-300x300.jpg 300w, http:\/\/winestory.org\/wp-content\/uploads\/2012\/12\/arbois-jura-75x75.jpg 75w\" sizes=\"(max-width: 150px) 100vw, 150px\" \/><\/a><\/span><em><span style=\"font-size: small; font-family: verdana,geneva;\">Arbois<\/span><\/em><\/p>\n<p style=\"text-align: justify;\"><span style=\"font-size: small; font-family: verdana,geneva;\">Capitale officielle du vignoble depuis 1986, la ville m\u00e9di\u00e9vale d&rsquo;Arbois est en outre la premi\u00e8re AOC de France a avoir \u00e9t\u00e9 retenue par le l\u00e9gislateur (15.05.1936).<\/span><\/p>\n<p style=\"text-align: justify;\"><span style=\"font-size: small; font-family: verdana,geneva;\">Arbois est produite sur 780 hectares, r\u00e9partis sur 13 communes du canton d&rsquo;Arbois. Les Arsures, Montigny, Mesnay, Vadans, Villette-les Arbois et Pupillin figurent parmi les principaux villages vignerons l&rsquo;appellation. La jolie petite ville d&rsquo;Arbois, ocre, travers\u00e9e par la Cuisance et nich\u00e9e autour du clocher de calcaire jaune est tout enti\u00e8rement cern\u00e9e de vignes.<\/span><\/p>\n<p style=\"text-align: justify;\"><span style=\"font-size: small; font-family: verdana,geneva;\">Ayant sonn\u00e9 le r\u00e9veil des vins du Jura, elle en constitue le principal centre \u00e9conomique. Le premier dimanche de septembre, on f\u00eate le biou, \u00e9norme grappe faite de centaine de raisins que l&rsquo;on offre en procession \u00e0 Saint-Just, patron d&rsquo;Arbois. Mais le grand homme du pays reste Pasteur dont on visite la maison et l&rsquo;un des laboratoires. La production varie de 20000 \u00e0 40000 hectolitres par an. Depuis 1970 Pupillin est identifi\u00e9e par l&rsquo;adjonction de son nom \u00e0 celui d&rsquo;Arbois.<\/span><\/p>\n<p style=\"text-align: justify;\"><em><span style=\"font-size: small; font-family: verdana,geneva;\">Etoile<\/span><\/em><\/p>\n<p style=\"text-align: justify;\"><span style=\"font-size: small; font-family: verdana,geneva;\">Cette appellation est r\u00e9serv\u00e9e aux vins blancs et jaunes. Elle doit son nom \u00e0 la forme des segments de tiges d&rsquo;encrines, fossiles que l&rsquo;on trouve dans le sol. Le vin de l&rsquo;Etoile (3000 hectolitres, 55 hectares) est produit sur des marnes liasiques des coteaux particuli\u00e8rement bien expos\u00e9s des trois communes de : l&rsquo;Etoile, Plainoiseau et Saint-Didier. Le Chardonnay et le Savagnin donnent des vins \u00e9l\u00e9gants ayant beaucoup de caract\u00e8re et particuli\u00e8rement apte \u00e0 vieillir. C&rsquo;est un vin blanc au go\u00fbt de terroir tr\u00e8s personnel de pierre \u00e0 fusil et de noisette. L&rsquo;Etoile produit \u00e9galement des vins mousseux.<\/span><\/p>\n<p style=\"text-align: justify;\"><em><span style=\"font-size: small; font-family: verdana,geneva;\"><a href=\"http:\/\/winestory.org\/wp-content\/uploads\/2012\/12\/chateauchalonbt.jpg\"><img loading=\"lazy\" decoding=\"async\" class=\"alignright size-thumbnail wp-image-395\" style=\"margin: 5px;\" title=\"chateauchalonbt\" src=\"http:\/\/winestory.org\/wp-content\/uploads\/2012\/12\/chateauchalonbt-150x150.jpg\" alt=\"\" width=\"150\" height=\"150\" srcset=\"http:\/\/winestory.org\/wp-content\/uploads\/2012\/12\/chateauchalonbt-150x150.jpg 150w, http:\/\/winestory.org\/wp-content\/uploads\/2012\/12\/chateauchalonbt-300x300.jpg 300w, http:\/\/winestory.org\/wp-content\/uploads\/2012\/12\/chateauchalonbt-75x75.jpg 75w\" sizes=\"(max-width: 150px) 100vw, 150px\" \/><\/a>Ch\u00e2teau-Chalon<\/span><\/em><\/p>\n<p style=\"text-align: justify;\"><span style=\"font-size: small; font-family: verdana,geneva;\">Vieux village perch\u00e9 sur un escarpement rocheux, Ch\u00e2teau-Chalon domine des pentes d&rsquo;abord bois\u00e9es puis recouverte de vignes. Des \u00e9boulis calcaires se m\u00ealent sur les versants les plus rudes aux marnes du Lias (marnes bleues), puis les terrains marneux sont plus homog\u00e8nes. La Seille a sculpt\u00e9 une \u00ab\u00a0recul\u00e9\u00a0\u00bb qui abrite le vignoble des vents du nord.<\/span><\/p>\n<p style=\"text-align: justify;\"><span style=\"font-size: small; font-family: verdana,geneva;\">Nul ne discute son rang : le Ch\u00e2teau Chalon fait une partie des plus grands vins blancs de France. Blanc n&rsquo;est d\u2019ailleurs pas le mot, puisque cette appellation concerne exclusivement le \u00ab\u00a0vin jaune\u00a0\u00bb. Il est produit sur les communes de Menetru, Domblans et Nevy-sur-Seille. En tout gu\u00e8re plus de 40 hectares qui produisent jusqu&rsquo;\u00e0 1000 hectolitres par an (soit 25 hectolitres par hectares), ce vin est aussi pr\u00e9cieux que rare. Les viticulteurs d\u00e9finissent apr\u00e8s une visite de chaque parcelle, le rendement possible. Lorsque la maturit\u00e9 n&rsquo;a pas \u00e9t\u00e9 suffisante il d\u00e9cident de ne pas en produire (1974, 1980, 1984). Seul le c\u00e9page savagnin donne droit \u00e0 cette appellation.<\/span><\/p>\n","protected":false},"excerpt":{"rendered":"<p>Situation g\u00e9ographique Petit villages aux grands toits, clochers aux bulbes comtois, c&rsquo;est le jura. Il fut Bourguignon puis Espagnol avant de redevenir Fran\u00e7ais sous Louis XIV. C&rsquo;est le d\u00e9partement du Jura, le vignoble est situ\u00e9 entre l&rsquo;Ain et le Doubs, sur une bande de terrain allant de Sallins \u00e0 saint Amour, sur pr\u00e8s de 80 km de longueur et 12 km sur sa plus grande largeur : un chapelet de grains de raisin. Son vignoble le Revermont s&rsquo;\u00e9tend sur une fracture g\u00e9ologique s\u00e9parant la plaine de la Bresse et le premier plateau des monts du Jura. Les \u00ab\u00a0recul\u00e9s forment des marchent d&rsquo;escalier rocheuses et bois\u00e9es. Elles donnent une profonde originalit\u00e9 \u00e0 ce paysage d\u00e9j\u00e0 grave et rude, qu&rsquo;adoucissent les coteaux plant\u00e9s de vigne. Le vignoble est situ\u00e9 entre 220 et 380 m d&rsquo;altitude, il est g\u00e9n\u00e9ralement expos\u00e9 \u00e0 l&rsquo;ouest, parfois au sud ouest et au midi au gr\u00e9 des combes. Assez plat aux abords de l&rsquo;Ain, le relief s&rsquo;anime ensuite, surtout de Ch\u00e2teau Chalon \u00e0 Arbois. Au dessus de Salins, le Mont Poupet marque la fin du vignoble. Historique Le vignoble du Jura est l&rsquo;un des plus vieux de France. Le premier personnage \u00e0 parler des vins du Jura fut le consul romain Pline le jeune (62-144). C&rsquo;est d&rsquo;ailleurs sous l&rsquo;impulsion des Romains que le vignoble prendra son essor. Un essor qui ne devait ensuite jamais se d\u00e9mentir. Arbois, Ch\u00e2teau-Chalon, l&rsquo;Etoile, les trois perles viticoles jurassiennes seront cit\u00e9es pour leurs qualit\u00e9s d\u00e8s le premier mill\u00e9naire. Le vignoble du Jura atteindra son apog\u00e9e \u00e0 la fin du 19\u00e8me si\u00e8cle avec 20 000 ha. Le phyllox\u00e9ra, les guerres, les conjonctures difficiles l&rsquo;affecteront beaucoup. Il ne fait gu\u00e8re plus de 1500 ha aujourd&rsquo;hui en AOC et une production de l&rsquo;ordre de 41 000 hl. La vigne de Pasteur : enfant du Jura, le grand savant Louis Pasteur v\u00e9cut \u00e0 Arbois dans la maison de son p\u00e8re qui exer\u00e7ait le m\u00e9tier de tanneur, Pasteur resta tr\u00e8s attach\u00e9 \u00e0 cette petite ville. Sur une vigne acquise en 3 parcelles en 1874, 1879, et 1892, il proc\u00e9da \u00e0 des travaux qui lui permirent d&rsquo;\u00e9tudier les myst\u00e8res de la fermentation alcoolique. Les r\u00e9sultats de ses exp\u00e9riences apport\u00e8rent certes \u00e0 la m\u00e9decine un rem\u00e8de aux maladies infectieuses, mais ils sont aussi \u00e0 l&rsquo;origine de la science du vin et de l\u2019\u0153nologie. Le climat Le climat est semi-continental. Les hivers sont rudes. Mais le temps cl\u00e9ment d\u00e9marre d\u00e9s les premiers jours du printemps pour donner des \u00e9t\u00e9s et des automnes particuli\u00e8rement chauds. Les vendanges ne commencent gu\u00e8re avant le 1er octobre. Si le climat soumet parfois la vigne \u00e0 des rigueurs, l(ensoleillement compense ces difficult\u00e9s. Sols Les marnes bleues, noires ou rouges constituent la grande majorit\u00e9 du sous-sol. Quelques \u00e9boulis calcaires du plateau les recouvrent \u00e7\u00e0 et l\u00e0 dans le vignoble nord. Tr\u00e8s enchev\u00eatr\u00e9s par les caprices d&rsquo;une g\u00e9ologie agit\u00e9e, les terrains appartiennent au Secondaire : marnes rouges lie de vin, argileuses qui donnent les rouges et les ros\u00e9s, marnes bleues m\u00eal\u00e9es aux \u00e9boulis calcaires o\u00f9 r\u00e9ussissent tr\u00e8s bien les blancs. C\u00e9pages Les vignerons cultivent 3 c\u00e9pages rouges et 2 c\u00e9pages blancs, \u00e0 savoir : Pour les rouges : Poulsard ou Ploussard, Pinot noir, Trousseau C\u00e9page Poulsard C\u00e9page Trousseau C\u00e9page Pinot Noir Pour les blancs : Chardonnay appel\u00e9 melon en Arbois ou gamay blanc, Savagnin ou natur\u00e9 (le savagnin est typiquement Jurassien, il n&rsquo;est pas cultiv\u00e9 ailleurs) &nbsp; C\u00e9page Chardonnay C\u00e9page Savagnin Ils produisent des vins qui ont vraiment, comme les Jurassiens, leur accent. Rouges et ros\u00e9s sont francs, fruit\u00e9s et floraux avec juste ce qu&rsquo;il faut de corps pour s&rsquo;\u00e9panouir apr\u00e8s quelques ann\u00e9es. Les ros\u00e9s pr\u00e9sentent ici la particularit\u00e9 d&rsquo;\u00eatre des faux rouges, car il sont vinifi\u00e9s comme des rouges, par cuvaison longue. Leur faible couleur n&rsquo;est due qu&rsquo;\u00e0 la particularit\u00e9 du c\u00e9page Poulsard, peu color\u00e9. Ils ont par ailleurs le caract\u00e8re des vins rouges et prennent souvent une teinte tuil\u00e9e au vieillissement. Secs aux ar\u00f4mes de noix, noisette et d&rsquo;amande grill\u00e9es, les blancs expriment une personnalit\u00e9 qui tire parfois sur le jaune (il s&rsquo;agit d&rsquo;un go\u00fbt et non pas d&rsquo;une couleur) et les rend absolument uniques. On y produit \u00e9galement d&rsquo;excellents effervescents. Les Appellations du Jura C\u00f4tes du Jura C&rsquo;est l&rsquo;appellation g\u00e9n\u00e9rique du vignoble elle recouvre tout le vignoble. Elle englobe une soixantaine de villages viticoles dont les plus connus sont Poligny (ou le vin rencontre sur sa route le fromage de Comt\u00e9), Voiteur, Le Vernois (ou le vignoble \u00e0 \u00e9t\u00e9 totalement remembr\u00e9, cas unique en France), Arlay, Gevingey, Rotalier, Beaufort \u00e0 l\u2019exception des appellation Arbois, Ch\u00e2teau Chalon et l&rsquo;Etoile. Mais tous ont leur charme et leur terroir propre. Arbois Capitale officielle du vignoble depuis 1986, la ville m\u00e9di\u00e9vale d&rsquo;Arbois est en outre la premi\u00e8re AOC de France a avoir \u00e9t\u00e9 retenue par le l\u00e9gislateur (15.05.1936). Arbois est produite sur 780 hectares, r\u00e9partis sur 13 communes du canton d&rsquo;Arbois. Les Arsures, Montigny, Mesnay, Vadans, Villette-les Arbois et Pupillin figurent parmi les principaux villages vignerons l&rsquo;appellation. La jolie petite ville d&rsquo;Arbois, ocre, travers\u00e9e par la Cuisance et nich\u00e9e autour du clocher de calcaire jaune est tout enti\u00e8rement cern\u00e9e de vignes. Ayant sonn\u00e9 le r\u00e9veil des vins du Jura, elle en constitue le principal centre \u00e9conomique. Le premier dimanche de septembre, on f\u00eate le biou, \u00e9norme grappe faite de centaine de raisins que l&rsquo;on offre en procession \u00e0 Saint-Just, patron d&rsquo;Arbois. Mais le grand homme du pays reste Pasteur dont on visite la maison et l&rsquo;un des laboratoires. La production varie de 20000 \u00e0 40000 hectolitres par an. Depuis 1970 Pupillin est identifi\u00e9e par l&rsquo;adjonction de son nom \u00e0 celui d&rsquo;Arbois. Etoile Cette appellation est r\u00e9serv\u00e9e aux vins blancs et jaunes. Elle doit son nom \u00e0 la forme des segments de tiges d&rsquo;encrines, fossiles que l&rsquo;on trouve dans le sol. Le vin de l&rsquo;Etoile (3000 hectolitres, 55 hectares) est produit sur des marnes liasiques des coteaux particuli\u00e8rement bien expos\u00e9s des trois communes de : l&rsquo;Etoile, Plainoiseau et Saint-Didier. Le Chardonnay et le Savagnin donnent des vins \u00e9l\u00e9gants ayant beaucoup de caract\u00e8re et particuli\u00e8rement apte \u00e0 vieillir. C&rsquo;est un vin blanc au go\u00fbt de terroir tr\u00e8s personnel de pierre \u00e0 fusil et de noisette. L&rsquo;Etoile produit \u00e9galement des vins mousseux. Ch\u00e2teau-Chalon Vieux village perch\u00e9 sur un escarpement rocheux, Ch\u00e2teau-Chalon domine des pentes d&rsquo;abord bois\u00e9es puis recouverte de vignes. Des \u00e9boulis calcaires se m\u00ealent sur les versants les plus rudes aux marnes du Lias (marnes bleues), puis les terrains marneux sont plus homog\u00e8nes. La Seille a sculpt\u00e9 une \u00ab\u00a0recul\u00e9\u00a0\u00bb qui abrite le vignoble des vents du nord. Nul ne discute son rang : le Ch\u00e2teau Chalon fait une partie des plus grands vins blancs de France. Blanc n&rsquo;est d\u2019ailleurs pas le mot, puisque cette appellation concerne exclusivement le \u00ab\u00a0vin jaune\u00a0\u00bb. Il est produit sur les communes de Menetru, Domblans et Nevy-sur-Seille. En tout gu\u00e8re plus de 40 hectares qui produisent jusqu&rsquo;\u00e0 1000 hectolitres par an (soit 25 hectolitres par hectares), ce vin est aussi pr\u00e9cieux que rare. Les viticulteurs d\u00e9finissent apr\u00e8s une visite de chaque parcelle, le rendement possible. Lorsque la maturit\u00e9 n&rsquo;a pas \u00e9t\u00e9 suffisante il d\u00e9cident de ne pas en produire (1974, 1980, 1984). Seul le c\u00e9page savagnin donne droit \u00e0 cette appellation.<\/p>\n","protected":false},"author":1,"featured_media":0,"parent":321,"menu_order":60,"comment_status":"open","ping_status":"open","template":"page-full.php","meta":{"ngg_post_thumbnail":0,"footnotes":"","_links_to":"","_links_to_target":""},"class_list":["post-384","page","type-page","status-publish","hentry"],"aioseo_notices":[],"acf":[],"_links":{"self":[{"href":"http:\/\/winestory.org\/index.php?rest_route=\/wp\/v2\/pages\/384","targetHints":{"allow":["GET"]}}],"collection":[{"href":"http:\/\/winestory.org\/index.php?rest_route=\/wp\/v2\/pages"}],"about":[{"href":"http:\/\/winestory.org\/index.php?rest_route=\/wp\/v2\/types\/page"}],"author":[{"embeddable":true,"href":"http:\/\/winestory.org\/index.php?rest_route=\/wp\/v2\/users\/1"}],"replies":[{"embeddable":true,"href":"http:\/\/winestory.org\/index.php?rest_route=%2Fwp%2Fv2%2Fcomments&post=384"}],"version-history":[{"count":0,"href":"http:\/\/winestory.org\/index.php?rest_route=\/wp\/v2\/pages\/384\/revisions"}],"up":[{"embeddable":true,"href":"http:\/\/winestory.org\/index.php?rest_route=\/wp\/v2\/pages\/321"}],"wp:attachment":[{"href":"http:\/\/winestory.org\/index.php?rest_route=%2Fwp%2Fv2%2Fmedia&parent=384"}],"curies":[{"name":"wp","href":"https:\/\/api.w.org\/{rel}","templated":true}]}}