{"id":4292,"date":"2022-10-04T15:57:36","date_gmt":"2022-10-04T14:57:36","guid":{"rendered":"https:\/\/winestory.org\/?page_id=4292"},"modified":"2022-10-04T16:05:15","modified_gmt":"2022-10-04T15:05:15","slug":"bordeaux-2","status":"publish","type":"page","link":"http:\/\/winestory.org\/?page_id=4292","title":{"rendered":"Rhone"},"content":{"rendered":"<table border=\"0\" align=\"left\">\n<tbody>\n<tr>\n<td><a href=\"http:\/\/winestory.org\/wp-content\/uploads\/2022\/10\/grd50403.jpg\"><img decoding=\"async\" class=\"aligncenter wp-image-4295\" src=\"http:\/\/winestory.org\/wp-content\/uploads\/2022\/10\/grd50403-300x231.jpg\" alt=\"\" width=\"216\" height=\"166\" srcset=\"http:\/\/winestory.org\/wp-content\/uploads\/2022\/10\/grd50403-300x231.jpg 300w, http:\/\/winestory.org\/wp-content\/uploads\/2022\/10\/grd50403.jpg 565w\" sizes=\"(max-width: 216px) 100vw, 216px\" \/><\/a><\/td>\n<td style=\"text-align: justify;\"><span style=\"color: #5b304e; font-family: verdana, geneva; font-size: small;\"><b>Rh\u00f4ne<\/b><\/span><\/p>\n<p style=\"font-weight: 400;\"><strong><span style=\"font-family: verdana, geneva, sans-serif; font-size: 10pt;\">Domaine Richaud<br \/>\n<\/span><\/strong><span style=\"font-family: verdana, geneva, sans-serif; font-size: 10pt;\">470 route de Vaison-la-Romaine<br \/>\n<\/span><span style=\"font-family: verdana, geneva, sans-serif; font-size: 10pt;\">84290&nbsp; Cairanne<br \/>\n<\/span><span style=\"font-family: verdana, geneva, sans-serif; font-size: 10pt;\">T\u00e9l\u00e9phone : 04.90.30.85.25<\/span><\/p>\n<p>&nbsp;<\/td>\n<\/tr>\n<\/tbody>\n<\/table>\n","protected":false},"excerpt":{"rendered":"<p>Rh\u00f4ne Domaine Richaud 470 route de Vaison-la-Romaine 84290&nbsp; Cairanne T\u00e9l\u00e9phone : 04.90.30.85.25 &nbsp;<\/p>\n","protected":false},"author":1,"featured_media":0,"parent":58,"menu_order":50,"comment_status":"open","ping_status":"open","template":"","meta":{"ngg_post_thumbnail":0,"footnotes":"","_links_to":"","_links_to_target":""},"class_list":["post-4292","page","type-page","status-publish","hentry"],"aioseo_notices":[],"acf":[],"_links":{"self":[{"href":"http:\/\/winestory.org\/index.php?rest_route=\/wp\/v2\/pages\/4292","targetHints":{"allow":["GET"]}}],"collection":[{"href":"http:\/\/winestory.org\/index.php?rest_route=\/wp\/v2\/pages"}],"about":[{"href":"http:\/\/winestory.org\/index.php?rest_route=\/wp\/v2\/types\/page"}],"author":[{"embeddable":true,"href":"http:\/\/winestory.org\/index.php?rest_route=\/wp\/v2\/users\/1"}],"replies":[{"embeddable":true,"href":"http:\/\/winestory.org\/index.php?rest_route=%2Fwp%2Fv2%2Fcomments&post=4292"}],"version-history":[{"count":0,"href":"http:\/\/winestory.org\/index.php?rest_route=\/wp\/v2\/pages\/4292\/revisions"}],"up":[{"embeddable":true,"href":"http:\/\/winestory.org\/index.php?rest_route=\/wp\/v2\/pages\/58"}],"wp:attachment":[{"href":"http:\/\/winestory.org\/index.php?rest_route=%2Fwp%2Fv2%2Fmedia&parent=4292"}],"curies":[{"name":"wp","href":"https:\/\/api.w.org\/{rel}","templated":true}]}}