{"id":53,"date":"2012-11-22T16:20:06","date_gmt":"2012-11-22T15:20:06","guid":{"rendered":"http:\/\/winestory.org\/?page_id=53"},"modified":"2012-11-23T14:48:42","modified_gmt":"2012-11-23T13:48:42","slug":"les-activites","status":"publish","type":"page","link":"http:\/\/winestory.org\/?page_id=53","title":{"rendered":"Les activit\u00e9s"},"content":{"rendered":"<p style=\"text-align: justify;\"><span style=\"font-size: small; font-family: verdana,geneva;\"><a href=\"http:\/\/winestory.org\/wp-content\/uploads\/2012\/11\/activites.jpg\"><img decoding=\"async\" class=\"alignright size-thumbnail wp-image-54\" style=\"border: 2px solid black; margin: 5px;\" title=\"activites\" src=\"http:\/\/winestory.org\/wp-content\/uploads\/2012\/11\/activites-150x150.jpg\" alt=\"\" width=\"150\" height=\"150\" srcset=\"http:\/\/winestory.org\/wp-content\/uploads\/2012\/11\/activites-150x150.jpg 150w, http:\/\/winestory.org\/wp-content\/uploads\/2012\/11\/activites-75x75.jpg 75w\" sizes=\"(max-width: 150px) 100vw, 150px\" \/><\/a>Tout au long de l&rsquo;ann\u00e9e, <span style=\"color: #5b304e;\"><strong>WineStory<\/strong> <\/span>organise pour vous (moyennant participation) des d\u00e9gustations \u00e0 th\u00e8mes, des repas \u00ab\u00a0accord mets et vins\u00a0\u00bb, des initiations ou perfectionnement \u00e0 la d\u00e9gustation.<\/span><\/p>\n<p style=\"text-align: justify;\"><span style=\"font-size: small; font-family: verdana,geneva;\"><em>LieuxDivins<\/em> : mais aussi, des week-ends \u00ab\u00a0d\u00e9couverte d&rsquo;un vignoble\u00a0\u00bb, des balades \u00ab\u00a0oenotouristiques\u00a0\u00bb, des rencontres avec des professionnels du vin.<\/span><\/p>\n","protected":false},"excerpt":{"rendered":"<p>Tout au long de l&rsquo;ann\u00e9e, WineStory organise pour vous (moyennant participation) des d\u00e9gustations \u00e0 th\u00e8mes, des repas \u00ab\u00a0accord mets et vins\u00a0\u00bb, des initiations ou perfectionnement \u00e0 la d\u00e9gustation. LieuxDivins : mais aussi, des week-ends \u00ab\u00a0d\u00e9couverte d&rsquo;un vignoble\u00a0\u00bb, des balades \u00ab\u00a0oenotouristiques\u00a0\u00bb, des rencontres avec des professionnels du vin.<\/p>\n","protected":false},"author":1,"featured_media":0,"parent":0,"menu_order":10,"comment_status":"open","ping_status":"open","template":"page-full.php","meta":{"ngg_post_thumbnail":0,"footnotes":"","_links_to":"","_links_to_target":""},"class_list":["post-53","page","type-page","status-publish","hentry"],"aioseo_notices":[],"acf":[],"_links":{"self":[{"href":"http:\/\/winestory.org\/index.php?rest_route=\/wp\/v2\/pages\/53","targetHints":{"allow":["GET"]}}],"collection":[{"href":"http:\/\/winestory.org\/index.php?rest_route=\/wp\/v2\/pages"}],"about":[{"href":"http:\/\/winestory.org\/index.php?rest_route=\/wp\/v2\/types\/page"}],"author":[{"embeddable":true,"href":"http:\/\/winestory.org\/index.php?rest_route=\/wp\/v2\/users\/1"}],"replies":[{"embeddable":true,"href":"http:\/\/winestory.org\/index.php?rest_route=%2Fwp%2Fv2%2Fcomments&post=53"}],"version-history":[{"count":0,"href":"http:\/\/winestory.org\/index.php?rest_route=\/wp\/v2\/pages\/53\/revisions"}],"wp:attachment":[{"href":"http:\/\/winestory.org\/index.php?rest_route=%2Fwp%2Fv2%2Fmedia&parent=53"}],"curies":[{"name":"wp","href":"https:\/\/api.w.org\/{rel}","templated":true}]}}