{"id":60,"date":"2012-11-22T16:28:28","date_gmt":"2012-11-22T15:28:28","guid":{"rendered":"http:\/\/winestory.org\/?page_id=60"},"modified":"2013-01-17T09:20:28","modified_gmt":"2013-01-17T08:20:28","slug":"bordeaux","status":"publish","type":"page","link":"http:\/\/winestory.org\/?page_id=60","title":{"rendered":"Bordeaux"},"content":{"rendered":"<table border=\"0\" align=\"left\">\n<tbody>\n<tr>\n<td><a href=\"http:\/\/winestory.org\/wp-content\/uploads\/2012\/11\/aney.jpg\"><img decoding=\"async\" class=\"aligncenter  wp-image-64\" title=\"aney\" alt=\"\" src=\"http:\/\/winestory.org\/wp-content\/uploads\/2012\/11\/aney.jpg\" width=\"150\" height=\"200\" srcset=\"http:\/\/winestory.org\/wp-content\/uploads\/2012\/11\/aney.jpg 382w, http:\/\/winestory.org\/wp-content\/uploads\/2012\/11\/aney-226x300.jpg 226w\" sizes=\"(max-width: 150px) 100vw, 150px\" \/><\/a><\/td>\n<td style=\"text-align: justify;\"><span style=\"color: #5b304e;\"><strong><span style=\"font-size: small; font-family: verdana,geneva;\">Bordeaux Haut-M\u00e9doc<\/span><\/strong><\/span><\/p>\n<p><span style=\"font-size: small; font-family: verdana,geneva;\">Class\u00e9 Cru Bourgeois en 1932, puis confirm\u00e9 en 1978. Depuis 2008, le <strong>Ch\u00e2teau Aney<\/strong> defend le label de haute qualit\u00e9 du \u201c<strong>Cru Bourgeois<\/strong>\u201d d\u00fb \u00e0 une une s\u00e9lection des meilleurs raisins, une vinification traditionnelle en barrique et un collage au blanc d\u2019oeuf.<\/span><\/p>\n<p><strong><span style=\"font-size: small; font-family: verdana,geneva;\">Ch\u00e2teau Aney<\/span><\/strong><br \/>\n<span style=\"font-size: small; font-family: verdana,geneva;\"> 6 Avenue du Haut M\u00e9doc<\/span><br \/>\n<span style=\"font-size: small; font-family: verdana,geneva;\"> 33460 Cussac-Fort-M\u00e9doc<\/span><br \/>\n<span style=\"font-size: small; font-family: verdana,geneva;\"> T\u00e9l\u00e9phone : 05.56.58.94.89<\/span><br \/>\n<strong> <a href=\"http:\/\/www.chateauaney.com\" target=\"_blank\"><span style=\"font-family: verdana,geneva; font-size: small;\">http:\/\/www.chateauaney.com<\/span><\/a><\/strong><\/td>\n<\/tr>\n<\/tbody>\n<\/table>\n","protected":false},"excerpt":{"rendered":"<p>Bordeaux Haut-M\u00e9doc Class\u00e9 Cru Bourgeois en 1932, puis confirm\u00e9 en 1978. Depuis 2008, le Ch\u00e2teau Aney defend le label de haute qualit\u00e9 du \u201cCru Bourgeois\u201d d\u00fb \u00e0 une une s\u00e9lection des meilleurs raisins, une vinification traditionnelle en barrique et un collage au blanc d\u2019oeuf. Ch\u00e2teau Aney 6 Avenue du Haut M\u00e9doc 33460 Cussac-Fort-M\u00e9doc T\u00e9l\u00e9phone : 05.56.58.94.89 http:\/\/www.chateauaney.com<\/p>\n","protected":false},"author":1,"featured_media":0,"parent":58,"menu_order":0,"comment_status":"open","ping_status":"open","template":"","meta":{"ngg_post_thumbnail":0,"footnotes":"","_links_to":"","_links_to_target":""},"class_list":["post-60","page","type-page","status-publish","hentry"],"aioseo_notices":[],"acf":[],"_links":{"self":[{"href":"http:\/\/winestory.org\/index.php?rest_route=\/wp\/v2\/pages\/60","targetHints":{"allow":["GET"]}}],"collection":[{"href":"http:\/\/winestory.org\/index.php?rest_route=\/wp\/v2\/pages"}],"about":[{"href":"http:\/\/winestory.org\/index.php?rest_route=\/wp\/v2\/types\/page"}],"author":[{"embeddable":true,"href":"http:\/\/winestory.org\/index.php?rest_route=\/wp\/v2\/users\/1"}],"replies":[{"embeddable":true,"href":"http:\/\/winestory.org\/index.php?rest_route=%2Fwp%2Fv2%2Fcomments&post=60"}],"version-history":[{"count":0,"href":"http:\/\/winestory.org\/index.php?rest_route=\/wp\/v2\/pages\/60\/revisions"}],"up":[{"embeddable":true,"href":"http:\/\/winestory.org\/index.php?rest_route=\/wp\/v2\/pages\/58"}],"wp:attachment":[{"href":"http:\/\/winestory.org\/index.php?rest_route=%2Fwp%2Fv2%2Fmedia&parent=60"}],"curies":[{"name":"wp","href":"https:\/\/api.w.org\/{rel}","templated":true}]}}