{"id":71,"date":"2012-11-22T16:52:34","date_gmt":"2012-11-22T15:52:34","guid":{"rendered":"http:\/\/winestory.org\/?page_id=71"},"modified":"2024-09-18T10:25:04","modified_gmt":"2024-09-18T09:25:04","slug":"les-restaurants","status":"publish","type":"page","link":"http:\/\/winestory.org\/?page_id=71","title":{"rendered":"Les restaurants"},"content":{"rendered":"<p>&nbsp;<\/p>\n<table border=\"0\">\n<tbody>\n<tr style=\"background-color: #ffffff;\">\n<td style=\"width: 35px;\">&nbsp;<\/td>\n<td style=\"width: 1336px;\">\n<p style=\"text-align: justify;\"><span style=\"font-family: verdana, geneva, sans-serif; font-size: 10pt;\"><strong>Myl\u00e8ne Cuisine<\/strong> est un site partenaire, qui publie des recettes<\/span><span style=\"font-family: verdana, geneva, sans-serif; font-size: 10pt;\">.<\/span><\/p>\n<p style=\"text-align: justify;\"><span style=\"font-family: verdana, geneva, sans-serif; font-size: 10pt;\"><strong>MYLENE CUISINE<\/strong><\/span><\/p>\n<p style=\"text-align: justify;\"><a title=\"https:\/\/mylenecuisine.com\/\" href=\"https:\/\/mylenecuisine.com\/\" target=\"_blank\" rel=\"noopener\">https:\/\/mylenecuisine.com\/<\/a><\/p>\n<\/td>\n<\/tr>\n<tr style=\"background-color: #ffffff;\">\n<td style=\"width: 35px;\">&nbsp;<\/td>\n<td style=\"width: 1336px;\">\n<p style=\"text-align: justify;\"><span style=\"font-family: verdana, geneva, sans-serif; font-size: 10pt;\"><strong>Le restaurant Gy suis Gy reste<\/strong> c&rsquo;est une cuisine fran\u00e7aise cr\u00e9\u00e9e par un chef talentueux est magnifique ici. Rien n&rsquo;est mieux que d&rsquo;essayer&nbsp;<span class=\"mark_noun\">un parfait<\/span>&nbsp;savoureux. A ce restaurant, les visiteurs peuvent boire&nbsp;<span class=\"mark_noun\">un vin<\/span>&nbsp;d\u00e9licieux. Essayez&nbsp;<span class=\"mark_noun\">un caf\u00e9<\/span>&nbsp;immense ici.<\/span><\/p>\n<p style=\"text-align: justify;\"><span style=\"font-family: verdana, geneva, sans-serif; font-size: 10pt;\">Le succ\u00e8s de&nbsp;<span class=\"mark_rest\">Gy Suis Gy Reste<\/span>&nbsp;serait impossible sans un personnel plaisant. Un service beau est toujours un plaisir. Dans ce lieu, les clients peuvent appr\u00e9cier une ambiance agr\u00e9able. Google lui donne un score de 4.6, vous pouvez donc choisir cet endroit pour y passer du bon temps.<\/span><\/p>\n<p style=\"text-align: justify;\"><span style=\"font-family: verdana, geneva, sans-serif; font-size: 10pt;\"><strong>GY SUIS GY RESTE<\/strong><\/span><br \/>\n<span style=\"font-family: verdana, geneva, sans-serif; font-size: 10pt;\"><strong>2 Carr Saint-Martin<\/strong><\/span><br \/>\n<span style=\"font-family: verdana, geneva, sans-serif; font-size: 10pt;\"><strong>41230 Gy-en-Sologne&nbsp;<\/strong><\/span><br \/>\n<span style=\"font-family: verdana, geneva, sans-serif; font-size: 10pt;\"><strong>T\u00e9l\u00e9phone : 02 54 96 15 97&nbsp;<\/strong><\/span><\/p>\n<p style=\"text-align: justify;\"><span style=\"font-family: verdana, geneva, sans-serif; font-size: 10pt;\"><a href=\"https:\/\/www.facebook.com\/people\/Gy-Suis-Gy-Reste\/100083154767743\/\">Facebook<\/a><\/span><\/p>\n<\/td>\n<\/tr>\n<tr>\n<td style=\"width: 35px;\"><span style=\"font-family: verdana, geneva, sans-serif; font-size: 10pt;\">&nbsp;<\/span><\/td>\n<td style=\"width: 1336px;\">\n<p style=\"text-align: justify;\"><span style=\"color: #5b304e; font-family: verdana, geneva, sans-serif; font-size: 10pt;\"><strong>&#8212;&#8212;&#8212;&#8212;&#8212;&#8212;&#8212;&#8212;&#8212;&#8212;&#8212;&#8212;&#8212;&#8212;&#8212;&#8212;&#8212;&#8212;&#8212;&#8212;&#8212;&#8212;&#8212;&#8212;&#8212;&#8212;&#8212;&#8212;&#8212;&#8212;&#8212;&#8212;&#8212;&#8212;&#8212;&#8212;&#8212;&#8212;&#8212;&#8212;&#8212;&#8212;&#8212;&#8212;&#8212;&#8212;&#8212;-<\/strong><\/span><\/p>\n<\/td>\n<\/tr>\n<tr style=\"background-color: #ffffff;\">\n<td style=\"width: 35px;\">&nbsp;<\/td>\n<td style=\"width: 1336px;\">\n<p style=\"text-align: justify;\"><span style=\"font-family: verdana, geneva, sans-serif; font-size: 10pt;\"><strong>Le restaurant l&rsquo;Auberge des Meusnes<\/strong><\/span><\/p>\n<p><span style=\"font-family: verdana, geneva, sans-serif; font-size: 10pt;\">Tous les invit\u00e9s aiment la merveilleuse cuisine fran\u00e7aise de ce restaurant. La plupart des visiteurs recommandent de manger&nbsp;<span class=\"mark_noun\">un filet am\u00e9ricain<\/span>&nbsp;fascinant.&nbsp;<span class=\"mark_rest\">L&rsquo;Auberge de Meusnes<\/span>&nbsp;propose&nbsp;<span class=\"mark_noun\">un parfait<\/span>&nbsp;cuit \u00e0 la perfection. C&rsquo;est le moment de d\u00e9guster&nbsp;<span class=\"mark_noun\">un vin<\/span>&nbsp;d\u00e9licieux.<\/span><\/p>\n<p><span style=\"font-family: verdana, geneva, sans-serif; font-size: 10pt;\">Un personnel souriant vous recevra chez ce lieu tout au long l&rsquo;ann\u00e9e. Un service rapide est ce que les clients appr\u00e9cient ici. Il y a une ambiance douillete et un d\u00e9cor beau \u00e0 cet endroit.<\/span><\/p>\n<p style=\"text-align: justify;\"><span style=\"font-family: verdana, geneva, sans-serif; font-size: 10pt;\"><strong>L&rsquo;AUBERGE DES MEUSNES<\/strong><\/span><br \/>\n<span style=\"font-family: verdana, geneva, sans-serif; font-size: 10pt;\"><strong>4 place Marguerite Jourdain<\/strong><\/span><br \/>\n<span style=\"font-family: verdana, geneva, sans-serif; font-size: 10pt;\"><strong>41130 Meusnes&nbsp;<\/strong><\/span><br \/>\n<span style=\"font-family: verdana, geneva, sans-serif; font-size: 10pt;\"><strong>T\u00e9l\u00e9phone : 02 18 09 61 95<\/strong><\/span><\/p>\n<p style=\"text-align: justify;\"><span style=\"font-family: verdana, geneva, sans-serif; font-size: 10pt;\"><a href=\"https:\/\/www.facebook.com\/nomadrider74\/\">Facebook<\/a><\/span><\/p>\n<\/td>\n<\/tr>\n<tr>\n<td style=\"width: 35px;\"><span style=\"font-family: verdana, geneva, sans-serif; font-size: 10pt;\">&nbsp;<\/span><\/td>\n<td style=\"width: 1336px;\">\n<p style=\"text-align: justify;\"><span style=\"color: #5b304e; font-family: verdana, geneva, sans-serif; font-size: 10pt;\"><strong>&#8212;&#8212;&#8212;&#8212;&#8212;&#8212;&#8212;&#8212;&#8212;&#8212;&#8212;&#8212;&#8212;&#8212;&#8212;&#8212;&#8212;&#8212;&#8212;&#8212;&#8212;&#8212;&#8212;&#8212;&#8212;&#8212;&#8212;&#8212;&#8212;&#8212;&#8212;&#8212;&#8212;&#8212;&#8212;&#8212;&#8212;&#8212;&#8212;&#8212;&#8212;&#8212;&#8212;&#8212;&#8212;&#8212;&#8212;-<\/strong><\/span><\/p>\n<\/td>\n<\/tr>\n<\/tbody>\n<\/table>\n<p>&nbsp;<\/p>\n<div id=\"wkWidgetScriptVersion\" style=\"display: none;\"><span style=\"font-family: verdana, geneva, sans-serif;\">1<\/span><\/div>\n","protected":false},"excerpt":{"rendered":"<p>&nbsp; &nbsp; Myl\u00e8ne Cuisine est un site partenaire, qui publie des recettes. MYLENE CUISINE https:\/\/mylenecuisine.com\/ &nbsp; Le restaurant Gy suis Gy reste c&rsquo;est une cuisine fran\u00e7aise cr\u00e9\u00e9e par un chef talentueux est magnifique ici. Rien n&rsquo;est mieux que d&rsquo;essayer&nbsp;un parfait&nbsp;savoureux. A ce restaurant, les visiteurs peuvent boire&nbsp;un vin&nbsp;d\u00e9licieux. Essayez&nbsp;un caf\u00e9&nbsp;immense ici. Le succ\u00e8s de&nbsp;Gy Suis Gy Reste&nbsp;serait impossible sans un personnel plaisant. Un service beau est toujours un plaisir. Dans ce lieu, les clients peuvent appr\u00e9cier une ambiance agr\u00e9able. Google lui donne un score de 4.6, vous pouvez donc choisir cet endroit pour y passer du bon temps. GY SUIS GY RESTE 2 Carr Saint-Martin 41230 Gy-en-Sologne&nbsp; T\u00e9l\u00e9phone : 02 54 96 15 97&nbsp; Facebook &nbsp; &#8212;&#8212;&#8212;&#8212;&#8212;&#8212;&#8212;&#8212;&#8212;&#8212;&#8212;&#8212;&#8212;&#8212;&#8212;&#8212;&#8212;&#8212;&#8212;&#8212;&#8212;&#8212;&#8212;&#8212;&#8212;&#8212;&#8212;&#8212;&#8212;&#8212;&#8212;&#8212;&#8212;&#8212;&#8212;&#8212;&#8212;&#8212;&#8212;&#8212;&#8212;&#8212;&#8212;&#8212;&#8212;&#8212;&#8212;- &nbsp; Le restaurant l&rsquo;Auberge des Meusnes Tous les invit\u00e9s aiment la merveilleuse cuisine fran\u00e7aise de ce restaurant. La plupart des visiteurs recommandent de manger&nbsp;un filet am\u00e9ricain&nbsp;fascinant.&nbsp;L&rsquo;Auberge de Meusnes&nbsp;propose&nbsp;un parfait&nbsp;cuit \u00e0 la perfection. C&rsquo;est le moment de d\u00e9guster&nbsp;un vin&nbsp;d\u00e9licieux. Un personnel souriant vous recevra chez ce lieu tout au long l&rsquo;ann\u00e9e. Un service rapide est ce que les clients appr\u00e9cient ici. Il y a une ambiance douillete et un d\u00e9cor beau \u00e0 cet endroit. L&rsquo;AUBERGE DES MEUSNES 4 place Marguerite Jourdain 41130 Meusnes&nbsp; T\u00e9l\u00e9phone : 02 18 09 61 95 Facebook &nbsp; &#8212;&#8212;&#8212;&#8212;&#8212;&#8212;&#8212;&#8212;&#8212;&#8212;&#8212;&#8212;&#8212;&#8212;&#8212;&#8212;&#8212;&#8212;&#8212;&#8212;&#8212;&#8212;&#8212;&#8212;&#8212;&#8212;&#8212;&#8212;&#8212;&#8212;&#8212;&#8212;&#8212;&#8212;&#8212;&#8212;&#8212;&#8212;&#8212;&#8212;&#8212;&#8212;&#8212;&#8212;&#8212;&#8212;&#8212;- &nbsp; 1<\/p>\n","protected":false},"author":1,"featured_media":0,"parent":69,"menu_order":0,"comment_status":"open","ping_status":"open","template":"","meta":{"ngg_post_thumbnail":0,"footnotes":"","_links_to":"","_links_to_target":""},"class_list":["post-71","page","type-page","status-publish","hentry"],"aioseo_notices":[],"acf":[],"_links":{"self":[{"href":"http:\/\/winestory.org\/index.php?rest_route=\/wp\/v2\/pages\/71","targetHints":{"allow":["GET"]}}],"collection":[{"href":"http:\/\/winestory.org\/index.php?rest_route=\/wp\/v2\/pages"}],"about":[{"href":"http:\/\/winestory.org\/index.php?rest_route=\/wp\/v2\/types\/page"}],"author":[{"embeddable":true,"href":"http:\/\/winestory.org\/index.php?rest_route=\/wp\/v2\/users\/1"}],"replies":[{"embeddable":true,"href":"http:\/\/winestory.org\/index.php?rest_route=%2Fwp%2Fv2%2Fcomments&post=71"}],"version-history":[{"count":0,"href":"http:\/\/winestory.org\/index.php?rest_route=\/wp\/v2\/pages\/71\/revisions"}],"up":[{"embeddable":true,"href":"http:\/\/winestory.org\/index.php?rest_route=\/wp\/v2\/pages\/69"}],"wp:attachment":[{"href":"http:\/\/winestory.org\/index.php?rest_route=%2Fwp%2Fv2%2Fmedia&parent=71"}],"curies":[{"name":"wp","href":"https:\/\/api.w.org\/{rel}","templated":true}]}}