{"id":107,"date":"2012-11-23T10:05:28","date_gmt":"2012-11-23T09:05:28","guid":{"rendered":"http:\/\/winestory.org\/?page_id=107"},"modified":"2023-11-02T10:27:25","modified_gmt":"2023-11-02T09:27:25","slug":"loire","status":"publish","type":"page","link":"https:\/\/winestory.org\/?page_id=107","title":{"rendered":"Loire"},"content":{"rendered":"<table style=\"width: 100%;\" border=\"0\" align=\"left\">\n<tbody>\n<tr>\n<td style=\"width: 13.84%;\"><a href=\"http:\/\/winestory.org\/wp-content\/uploads\/2022\/10\/bgamay-1.jpg\"><img fetchpriority=\"high\" decoding=\"async\" class=\"aligncenter size-medium wp-image-4285\" src=\"http:\/\/winestory.org\/wp-content\/uploads\/2022\/10\/bgamay-1-300x225.jpg\" alt=\"\" width=\"300\" height=\"225\" srcset=\"https:\/\/winestory.org\/wp-content\/uploads\/2022\/10\/bgamay-1-300x225.jpg 300w, https:\/\/winestory.org\/wp-content\/uploads\/2022\/10\/bgamay-1.jpg 400w\" sizes=\"(max-width: 300px) 100vw, 300px\" \/><\/a><\/td>\n<td style=\"width: 85.57%; text-align: justify;\"><strong><span style=\"font-family: verdana, geneva, sans-serif; font-size: 10pt;\">Touraine<\/span><\/strong><\/p>\n<p><span style=\"font-family: verdana, geneva, sans-serif; font-size: 10pt;\">Domaine de la M\u00e9chini\u00e8re<\/span><br \/>\n<span style=\"font-family: verdana, geneva, sans-serif; font-size: 10pt;\">Val\u00e9rie Forgues<\/span><br \/>\n<span style=\"font-family: verdana, geneva, sans-serif; font-size: 10pt;\">41110 Mareuil sur Cher<\/span><br \/>\n<span style=\"font-family: verdana, geneva, sans-serif; font-size: 10pt;\">T\u00e9l\u00e9phone : 02.54.75.15.80<\/span><br \/>\n<span style=\"font-family: verdana, geneva, sans-serif; font-size: 10pt;\"><a href=\"http:\/\/www.domaine-mechiniere.com\/\" target=\"_blank\" rel=\"noopener\" data-saferedirecturl=\"https:\/\/www.google.com\/url?q=http:\/\/www.domaine-mechiniere.com\/&amp;source=gmail&amp;ust=1664522197152000&amp;usg=AOvVaw0OqY0QeqM95bqKZ7t07soi\">www.domaine-mechiniere.com<\/a><\/span><\/td>\n<\/tr>\n<tr>\n<td style=\"width: 13.84%;\"><span style=\"font-size: 10pt;\"><a href=\"http:\/\/winestory.org\/wp-content\/uploads\/2012\/11\/charmoise.jpg\"><img decoding=\"async\" class=\"aligncenter wp-image-111\" style=\"border: 2px solid black; margin: 5px;\" title=\"charmoise\" src=\"http:\/\/winestory.org\/wp-content\/uploads\/2012\/11\/charmoise.jpg\" alt=\"\" width=\"150\" height=\"235\"><\/a><\/span><\/td>\n<td style=\"width: 85.57%; text-align: justify;\"><span style=\"color: #5b304e; font-size: 10pt; background-color: #ffffff;\"><span style=\"font-family: verdana,geneva;\"><strong>Touraine<\/strong><\/span><\/span><\/p>\n<p><span style=\"font-family: verdana,geneva; font-size: 10pt;\">A Soings, entre Blois et Romorantin, le Domaine de la Charmoise \u00e9l\u00e8ve des vins blancs et rouges sans f\u00fbt de ch\u00eane en privil\u00e9giant la puret\u00e9 aromatique. Avec ses ceps non-greff\u00e9s, Henry Marionnet veut rappeler les sensations gustatives d&rsquo;avant le phylloxera&#8230;<\/span><\/p>\n<p><span style=\"font-family: verdana,geneva; font-size: 10pt;\"><strong>Domaine de la Charmoise<\/strong><\/span><br \/>\n<span style=\"font-family: verdana,geneva; font-size: 10pt;\"> La Charmoise<\/span><br \/>\n<span style=\"font-family: verdana,geneva; font-size: 10pt;\"> 41230 Soings-en-Sologne<\/span><br \/>\n<span style=\"font-family: verdana,geneva; font-size: 10pt;\"> T\u00e9l\u00e9phone : 02.54.98.70.73<\/span><br \/>\n<span style=\"font-size: 10pt;\"><strong><span style=\"font-family: verdana,geneva;\"><a href=\"http:\/\/www.henry-marionnet.com\" target=\"_blank\" rel=\"noopener noreferrer\">http:\/\/www.henry-marionnet.com<\/a><\/span><\/strong><\/span><\/td>\n<\/tr>\n<tr>\n<tr>\n<td style=\"width: 13.84%;\"><span style=\"font-size: 10pt;\"><a href=\"http:\/\/winestory.org\/wp-content\/uploads\/2019\/09\/paris-20130505-00049.jpg\"><img decoding=\"async\" class=\"aligncenter size-medium wp-image-3082\" src=\"http:\/\/winestory.org\/wp-content\/uploads\/2019\/09\/paris-20130505-00049-300x225.jpg\" alt=\"\" width=\"300\" height=\"225\" srcset=\"https:\/\/winestory.org\/wp-content\/uploads\/2019\/09\/paris-20130505-00049-300x225.jpg 300w, https:\/\/winestory.org\/wp-content\/uploads\/2019\/09\/paris-20130505-00049-768x576.jpg 768w, https:\/\/winestory.org\/wp-content\/uploads\/2019\/09\/paris-20130505-00049-1024x768.jpg 1024w, https:\/\/winestory.org\/wp-content\/uploads\/2019\/09\/paris-20130505-00049-600x450.jpg 600w, https:\/\/winestory.org\/wp-content\/uploads\/2019\/09\/paris-20130505-00049-1536x1152.jpg 1536w, https:\/\/winestory.org\/wp-content\/uploads\/2019\/09\/paris-20130505-00049-2048x1536.jpg 2048w, https:\/\/winestory.org\/wp-content\/uploads\/2019\/09\/paris-20130505-00049-1140x855.jpg 1140w, https:\/\/winestory.org\/wp-content\/uploads\/2019\/09\/paris-20130505-00049-1320x990.jpg 1320w\" sizes=\"(max-width: 300px) 100vw, 300px\" \/><\/a><\/span><\/td>\n<td style=\"width: 85.57%; text-align: justify;\"><span style=\"font-family: verdana,geneva,sans-serif; font-size: 10pt;\"><b>Menetou-Salon, Valencay et Touraine<\/b><\/span><\/p>\n<p><span style=\"font-family: verdana,geneva,sans-serif; font-size: 10pt;\"><strong>Domaine Minchin<\/strong><\/span><br \/>\n<span style=\"font-family: verdana,geneva,sans-serif; font-size: 10pt;\">Saint-Martin-des-Lacs<\/span><br \/>\n<span style=\"font-family: verdana,geneva,sans-serif; font-size: 10pt;\">18340 Crosses<\/span><br \/>\n<span style=\"font-family: verdana,geneva,sans-serif; font-size: 10pt;\">T\u00e9l\u00e9phone : 02.48.25.02.95<strong><br \/>\n<a href=\"http:\/\/www.domaines-minchin.com\/\" target=\"_blank\" rel=\"noopener noreferrer\"> http:\/\/wwwww.domaines-minchin.com<\/a><\/strong><\/span><\/p>\n<p><span style=\"font-size: 10pt;\"><b><span style=\"font-family: verdana,geneva;\"><span style=\"color: #001000;\">&nbsp;<\/span><\/span><\/b><\/span><\/td>\n<\/tr>\n<tr>\n<td style=\"width: 13.84%;\"><span style=\"font-size: 10pt;\"><a href=\"http:\/\/winestory.org\/wp-content\/uploads\/2022\/10\/Btl-Grand-Mont-Cire-Violet-1-240x792-1.webp\"><img loading=\"lazy\" decoding=\"async\" class=\"aligncenter wp-image-4284\" src=\"http:\/\/winestory.org\/wp-content\/uploads\/2022\/10\/Btl-Grand-Mont-Cire-Violet-1-240x792-1-91x300.webp\" alt=\"\" width=\"58\" height=\"191\" srcset=\"https:\/\/winestory.org\/wp-content\/uploads\/2022\/10\/Btl-Grand-Mont-Cire-Violet-1-240x792-1-91x300.webp 91w, https:\/\/winestory.org\/wp-content\/uploads\/2022\/10\/Btl-Grand-Mont-Cire-Violet-1-240x792-1.webp 240w\" sizes=\"(max-width: 58px) 100vw, 58px\" \/><\/a><\/span><\/td>\n<td style=\"width: 85.57%; text-align: justify;\"><span style=\"font-family: verdana, geneva, sans-serif; font-size: 10pt;\"><b>Touraine<\/b><\/span><\/p>\n<p><span style=\"font-family: verdana, geneva, sans-serif; font-size: 10pt;\">Domaine Amirault<\/span><br \/>\n<span style=\"font-family: verdana, geneva, sans-serif; font-size: 10pt;\">37140 Saint-Nicolas-de-Bourgueil<\/span><br \/>\n<span style=\"font-family: verdana, geneva, sans-serif; font-size: 10pt;\">T\u00e9l\u00e9phone : 02.47.97.75.25<\/span><br \/>\n<span style=\"font-family: verdana, geneva, sans-serif; font-size: 10pt;\"><a href=\"https:\/\/www.domaineamirault.com\/vins-touraine-anjou-vignoble-amirault\/\">Vins de Touraine et du Val de Loire &#8211; Domaine Amirault<\/a><\/span><\/td>\n<\/tr>\n<\/tbody>\n<\/table>\n<p>&nbsp;<\/p>\n","protected":false},"excerpt":{"rendered":"<p>Touraine Domaine de la M\u00e9chini\u00e8re Val\u00e9rie Forgues 41110 Mareuil sur Cher T\u00e9l\u00e9phone : 02.54.75.15.80 www.domaine-mechiniere.com Touraine A Soings, entre Blois et Romorantin, le Domaine de la Charmoise \u00e9l\u00e8ve des vins blancs et rouges sans f\u00fbt de ch\u00eane en privil\u00e9giant la puret\u00e9 aromatique. Avec ses ceps non-greff\u00e9s, Henry Marionnet veut rappeler les sensations gustatives d&rsquo;avant le phylloxera&#8230; Domaine de la Charmoise La Charmoise 41230 Soings-en-Sologne T\u00e9l\u00e9phone : 02.54.98.70.73 http:\/\/www.henry-marionnet.com Menetou-Salon, Valencay et Touraine Domaine Minchin Saint-Martin-des-Lacs 18340 Crosses T\u00e9l\u00e9phone : 02.48.25.02.95 http:\/\/wwwww.domaines-minchin.com &nbsp; Touraine Domaine Amirault 37140 Saint-Nicolas-de-Bourgueil T\u00e9l\u00e9phone : 02.47.97.75.25 Vins de Touraine et du Val de Loire &#8211; Domaine Amirault &nbsp;<\/p>\n","protected":false},"author":1,"featured_media":0,"parent":58,"menu_order":20,"comment_status":"open","ping_status":"open","template":"","meta":{"ngg_post_thumbnail":0,"footnotes":"","_links_to":"","_links_to_target":""},"class_list":["post-107","page","type-page","status-publish","hentry"],"aioseo_notices":[],"acf":[],"_links":{"self":[{"href":"https:\/\/winestory.org\/index.php?rest_route=\/wp\/v2\/pages\/107","targetHints":{"allow":["GET"]}}],"collection":[{"href":"https:\/\/winestory.org\/index.php?rest_route=\/wp\/v2\/pages"}],"about":[{"href":"https:\/\/winestory.org\/index.php?rest_route=\/wp\/v2\/types\/page"}],"author":[{"embeddable":true,"href":"https:\/\/winestory.org\/index.php?rest_route=\/wp\/v2\/users\/1"}],"replies":[{"embeddable":true,"href":"https:\/\/winestory.org\/index.php?rest_route=%2Fwp%2Fv2%2Fcomments&post=107"}],"version-history":[{"count":0,"href":"https:\/\/winestory.org\/index.php?rest_route=\/wp\/v2\/pages\/107\/revisions"}],"up":[{"embeddable":true,"href":"https:\/\/winestory.org\/index.php?rest_route=\/wp\/v2\/pages\/58"}],"wp:attachment":[{"href":"https:\/\/winestory.org\/index.php?rest_route=%2Fwp%2Fv2%2Fmedia&parent=107"}],"curies":[{"name":"wp","href":"https:\/\/api.w.org\/{rel}","templated":true}]}}