{"id":129,"date":"2012-11-23T11:20:28","date_gmt":"2012-11-23T10:20:28","guid":{"rendered":"http:\/\/winestory.org\/?page_id=129"},"modified":"2022-10-04T15:53:45","modified_gmt":"2022-10-04T14:53:45","slug":"sud-ouest","status":"publish","type":"page","link":"https:\/\/winestory.org\/?page_id=129","title":{"rendered":"Sud-Ouest"},"content":{"rendered":"<table border=\"0\" align=\"left\">\n<tbody>\n<tr>\n<td><a href=\"http:\/\/winestory.org\/wp-content\/uploads\/2012\/11\/stguilhem.jpg\"><img decoding=\"async\" class=\"aligncenter wp-image-131\" style=\"border: 2px solid black; margin: 5px;\" title=\"stguilhem\" src=\"http:\/\/winestory.org\/wp-content\/uploads\/2012\/11\/stguilhem.jpg\" alt=\"\" width=\"175\" height=\"150\"><\/a><\/td>\n<td style=\"text-align: justify;\"><span style=\"color: #5b304e; font-size: small; font-family: verdana,geneva;\"><strong>Fronton<\/strong><\/span><\/p>\n<p><span style=\"font-size: small; font-family: verdana,geneva;\">L\u00e9g\u00e8re r\u00e9duction au premier nez, qui laisse appara\u00eetre une tr\u00e8s jolie complexit\u00e9 \u00e9pic\u00e9e.&nbsp; Superbe mati\u00e8re, expression poivr\u00e9e dominante.<br \/>\nBouche ferme, concentr\u00e9e, tr\u00e8s belle longueur. Excellent. (Fronton, Amadeus)<br \/>\n<\/span><\/p>\n<p><span style=\"font-size: small; font-family: verdana,geneva;\"><strong>Domaine de Saint-Gulhem<\/strong><\/span><br \/>\n<span style=\"font-size: small; font-family: verdana,geneva;\"> 1619 chemain de Saint-Guilhem<\/span><br \/>\n<span style=\"font-size: small; font-family: verdana,geneva;\"> 31620 Castelnau-d&rsquo;Estretefonds<br \/>\nT\u00e9l\u00e9phone : 05.61.82.12.09<\/span><br \/>\n<span style=\"font-size: small; font-family: verdana,geneva;\"><a href=\"http:\/\/www.domainesaintguilhem.com\" target=\"_blank\" rel=\"noopener\"> <strong> http:\/\/www.domainesaintguilhem.com<\/strong><\/a><\/span><\/td>\n<\/tr>\n<tr>\n<td><a href=\"http:\/\/winestory.org\/wp-content\/uploads\/2022\/10\/domaine-de-l-aigle-chardonnay-2021-gerard-bertrand.png\"><img fetchpriority=\"high\" decoding=\"async\" class=\"aligncenter size-medium wp-image-4288\" src=\"http:\/\/winestory.org\/wp-content\/uploads\/2022\/10\/domaine-de-l-aigle-chardonnay-2021-gerard-bertrand-300x300.png\" alt=\"\" width=\"300\" height=\"300\" srcset=\"https:\/\/winestory.org\/wp-content\/uploads\/2022\/10\/domaine-de-l-aigle-chardonnay-2021-gerard-bertrand-300x300.png 300w, https:\/\/winestory.org\/wp-content\/uploads\/2022\/10\/domaine-de-l-aigle-chardonnay-2021-gerard-bertrand-150x150.png 150w, https:\/\/winestory.org\/wp-content\/uploads\/2022\/10\/domaine-de-l-aigle-chardonnay-2021-gerard-bertrand-75x75.png 75w, https:\/\/winestory.org\/wp-content\/uploads\/2022\/10\/domaine-de-l-aigle-chardonnay-2021-gerard-bertrand.png 450w\" sizes=\"(max-width: 300px) 100vw, 300px\" \/><\/a><\/td>\n<td style=\"text-align: justify;\"><span style=\"color: #5b304e; font-size: 10pt; font-family: verdana, geneva, sans-serif;\"><strong>Limoux<\/strong><\/span><\/p>\n<p><strong><span style=\"font-family: verdana, geneva, sans-serif; font-size: 10pt;\">Bertrand Domaine de l&rsquo;Aigle \u00e0 Limoux<\/span><\/strong><br \/>\n<strong><span style=\"font-family: verdana, geneva, sans-serif; font-size: 10pt;\">Ch\u00e2teau l&rsquo;Hospitalet<\/span><\/strong><br \/>\n<span style=\"font-family: verdana, geneva, sans-serif; font-size: 10pt;\">Route de Narbonne Plage<\/span><br \/>\n<span style=\"font-family: verdana, geneva, sans-serif; font-size: 10pt;\">11100 Narbonne<\/span><br \/>\n<span style=\"font-family: verdana, geneva, sans-serif; font-size: 10pt;\">T\u00e9l\u00e9phone : 04.68.45.36.00<\/span><br \/>\n<span style=\"font-family: verdana, geneva, sans-serif; font-size: 10pt;\"><a href=\"https:\/\/www.gerard-bertrand.com\/\">G\u00e9rard Bertrand, vigneron en biodynamie : vin bio, vin rouge&#8230; (gerard-bertrand.com)<\/a><\/span><\/td>\n<\/tr>\n<tr>\n<td><a href=\"http:\/\/winestory.org\/wp-content\/uploads\/2022\/10\/F-DE-FLANDRY-Blanc-2017-big.png\"><img decoding=\"async\" class=\"aligncenter size-medium wp-image-4289\" src=\"http:\/\/winestory.org\/wp-content\/uploads\/2022\/10\/F-DE-FLANDRY-Blanc-2017-big-300x300.png\" alt=\"\" width=\"300\" height=\"300\" srcset=\"https:\/\/winestory.org\/wp-content\/uploads\/2022\/10\/F-DE-FLANDRY-Blanc-2017-big-300x300.png 300w, https:\/\/winestory.org\/wp-content\/uploads\/2022\/10\/F-DE-FLANDRY-Blanc-2017-big-150x150.png 150w, https:\/\/winestory.org\/wp-content\/uploads\/2022\/10\/F-DE-FLANDRY-Blanc-2017-big-600x600.png 600w, https:\/\/winestory.org\/wp-content\/uploads\/2022\/10\/F-DE-FLANDRY-Blanc-2017-big-75x75.png 75w, https:\/\/winestory.org\/wp-content\/uploads\/2022\/10\/F-DE-FLANDRY-Blanc-2017-big.png 635w\" sizes=\"(max-width: 300px) 100vw, 300px\" \/><\/a><\/td>\n<td style=\"text-align: justify;\"><span style=\"color: #5b304e; font-size: 10pt; font-family: verdana, geneva, sans-serif;\"><strong>Limoux<\/strong><\/span><\/p>\n<p><span style=\"color: #5b304e; font-size: 10pt; font-family: verdana, geneva, sans-serif;\"><strong>Sieur d\u2019Arques<\/strong><br \/>\nAvenue du Mauzac<br \/>\n11300 LIMOUX<br \/>\nT\u00e9l\u00e9phone : 04.68.74.63.00<br \/>\n<a href=\"https:\/\/www.sieurdarques.com\/\">Chardonnays du Languedoc, Cr\u00e9mants &amp; Blanquettes de Limoux &#8211; Sieur d&rsquo;Arques (sieurdarques.com)<\/a><br \/>\n<\/span><\/td>\n<\/tr>\n<\/tbody>\n<\/table>\n","protected":false},"excerpt":{"rendered":"<p>Fronton L\u00e9g\u00e8re r\u00e9duction au premier nez, qui laisse appara\u00eetre une tr\u00e8s jolie complexit\u00e9 \u00e9pic\u00e9e.&nbsp; Superbe mati\u00e8re, expression poivr\u00e9e dominante. Bouche ferme, concentr\u00e9e, tr\u00e8s belle longueur. Excellent. (Fronton, Amadeus) Domaine de Saint-Gulhem 1619 chemain de Saint-Guilhem 31620 Castelnau-d&rsquo;Estretefonds T\u00e9l\u00e9phone : 05.61.82.12.09 http:\/\/www.domainesaintguilhem.com Limoux Bertrand Domaine de l&rsquo;Aigle \u00e0 Limoux Ch\u00e2teau l&rsquo;Hospitalet Route de Narbonne Plage 11100 Narbonne T\u00e9l\u00e9phone : 04.68.45.36.00 G\u00e9rard Bertrand, vigneron en biodynamie : vin bio, vin rouge&#8230; (gerard-bertrand.com) Limoux Sieur d\u2019Arques Avenue du Mauzac 11300 LIMOUX T\u00e9l\u00e9phone : 04.68.74.63.00 Chardonnays du Languedoc, Cr\u00e9mants &amp; Blanquettes de Limoux &#8211; Sieur d&rsquo;Arques (sieurdarques.com)<\/p>\n","protected":false},"author":1,"featured_media":0,"parent":58,"menu_order":60,"comment_status":"open","ping_status":"open","template":"","meta":{"ngg_post_thumbnail":0,"footnotes":"","_links_to":"","_links_to_target":""},"class_list":["post-129","page","type-page","status-publish","hentry"],"aioseo_notices":[],"acf":[],"_links":{"self":[{"href":"https:\/\/winestory.org\/index.php?rest_route=\/wp\/v2\/pages\/129","targetHints":{"allow":["GET"]}}],"collection":[{"href":"https:\/\/winestory.org\/index.php?rest_route=\/wp\/v2\/pages"}],"about":[{"href":"https:\/\/winestory.org\/index.php?rest_route=\/wp\/v2\/types\/page"}],"author":[{"embeddable":true,"href":"https:\/\/winestory.org\/index.php?rest_route=\/wp\/v2\/users\/1"}],"replies":[{"embeddable":true,"href":"https:\/\/winestory.org\/index.php?rest_route=%2Fwp%2Fv2%2Fcomments&post=129"}],"version-history":[{"count":0,"href":"https:\/\/winestory.org\/index.php?rest_route=\/wp\/v2\/pages\/129\/revisions"}],"up":[{"embeddable":true,"href":"https:\/\/winestory.org\/index.php?rest_route=\/wp\/v2\/pages\/58"}],"wp:attachment":[{"href":"https:\/\/winestory.org\/index.php?rest_route=%2Fwp%2Fv2%2Fmedia&parent=129"}],"curies":[{"name":"wp","href":"https:\/\/api.w.org\/{rel}","templated":true}]}}