{"id":200,"date":"2012-11-28T17:57:55","date_gmt":"2012-11-28T16:57:55","guid":{"rendered":"http:\/\/winestory.org\/?page_id=200"},"modified":"2012-11-28T17:57:55","modified_gmt":"2012-11-28T16:57:55","slug":"champagne","status":"publish","type":"page","link":"https:\/\/winestory.org\/?page_id=200","title":{"rendered":"Champagne"},"content":{"rendered":"<p>&nbsp;<\/p>\n<p style=\"text-align: justify;\">\n<table border=\"0\" align=\"left\">\n<tbody>\n<tr>\n<td><span style=\"font-size: medium;\"><a href=\"http:\/\/winestory.org\/wp-content\/uploads\/2012\/11\/champagne-brut-gruet.jpg\"><img decoding=\"async\" class=\"aligncenter size-thumbnail wp-image-202\" title=\"champagne-brut-gruet\" src=\"http:\/\/winestory.org\/wp-content\/uploads\/2012\/11\/champagne-brut-gruet-150x150.jpg\" alt=\"\" width=\"150\" height=\"150\" srcset=\"https:\/\/winestory.org\/wp-content\/uploads\/2012\/11\/champagne-brut-gruet-150x150.jpg 150w, https:\/\/winestory.org\/wp-content\/uploads\/2012\/11\/champagne-brut-gruet.jpg 300w, https:\/\/winestory.org\/wp-content\/uploads\/2012\/11\/champagne-brut-gruet-75x75.jpg 75w\" sizes=\"(max-width: 150px) 100vw, 150px\" \/><\/a><\/span><\/td>\n<td style=\"text-align: justify;\"><span style=\"color: #5b304e; font-size: small; font-family: verdana,geneva;\"><strong>Champagne<\/strong><\/span><\/p>\n<p><span style=\"font-size: small; font-family: verdana,geneva;\">Vignoble embl\u00e9matique de la Champagne, la C\u00f4te des Bars s&rsquo;\u00e9tend sur de longues vagues de collines bois\u00e9s. Les millions de ceps plant\u00e9s des nobles c\u00e9pages champenois, Pinot noir, Pinot Meunier, Chardonnay, Pinot blanc, Arbane, et petit Meslier y trouvent les conditions optimales pour s&rsquo;\u00e9panouir.<\/span><\/p>\n<p><span style=\"font-size: small; font-family: verdana,geneva;\"><strong>Champagne Gruet<\/strong><\/span><br \/>\n<span style=\"font-size: small; font-family: verdana,geneva;\"> 48 grande rue<br \/>\n10110 Buxeuil<\/span><br \/>\n<span style=\"font-size: small; font-family: verdana,geneva;\"> T\u00e9l\u00e9phone : 03.25.38.54.94<\/span><br \/>\n<a href=\"http:\/\/www.champagne-gruet.fr\/\" target=\"_blank\"><span style=\"font-size: small; font-family: verdana,geneva;\"> <strong> http:\/\/www.champagne-gruet.fr\/<\/strong><\/span><\/a><\/td>\n<\/tr>\n<\/tbody>\n<\/table>\n","protected":false},"excerpt":{"rendered":"<p>&nbsp; Champagne Vignoble embl\u00e9matique de la Champagne, la C\u00f4te des Bars s&rsquo;\u00e9tend sur de longues vagues de collines bois\u00e9s. Les millions de ceps plant\u00e9s des nobles c\u00e9pages champenois, Pinot noir, Pinot Meunier, Chardonnay, Pinot blanc, Arbane, et petit Meslier y trouvent les conditions optimales pour s&rsquo;\u00e9panouir. Champagne Gruet 48 grande rue 10110 Buxeuil T\u00e9l\u00e9phone : 03.25.38.54.94 http:\/\/www.champagne-gruet.fr\/<\/p>\n","protected":false},"author":1,"featured_media":0,"parent":58,"menu_order":16,"comment_status":"open","ping_status":"open","template":"page-full.php","meta":{"ngg_post_thumbnail":0,"footnotes":"","_links_to":"","_links_to_target":""},"class_list":["post-200","page","type-page","status-publish","hentry"],"aioseo_notices":[],"acf":[],"_links":{"self":[{"href":"https:\/\/winestory.org\/index.php?rest_route=\/wp\/v2\/pages\/200","targetHints":{"allow":["GET"]}}],"collection":[{"href":"https:\/\/winestory.org\/index.php?rest_route=\/wp\/v2\/pages"}],"about":[{"href":"https:\/\/winestory.org\/index.php?rest_route=\/wp\/v2\/types\/page"}],"author":[{"embeddable":true,"href":"https:\/\/winestory.org\/index.php?rest_route=\/wp\/v2\/users\/1"}],"replies":[{"embeddable":true,"href":"https:\/\/winestory.org\/index.php?rest_route=%2Fwp%2Fv2%2Fcomments&post=200"}],"version-history":[{"count":0,"href":"https:\/\/winestory.org\/index.php?rest_route=\/wp\/v2\/pages\/200\/revisions"}],"up":[{"embeddable":true,"href":"https:\/\/winestory.org\/index.php?rest_route=\/wp\/v2\/pages\/58"}],"wp:attachment":[{"href":"https:\/\/winestory.org\/index.php?rest_route=%2Fwp%2Fv2%2Fmedia&parent=200"}],"curies":[{"name":"wp","href":"https:\/\/api.w.org\/{rel}","templated":true}]}}