{"id":69,"date":"2012-11-22T16:46:19","date_gmt":"2012-11-22T15:46:19","guid":{"rendered":"http:\/\/winestory.org\/?page_id=69"},"modified":"2025-03-12T11:09:11","modified_gmt":"2025-03-12T10:09:11","slug":"les-liens","status":"publish","type":"page","link":"https:\/\/winestory.org\/?page_id=69","title":{"rendered":"Les liens"},"content":{"rendered":"<p>&nbsp;<\/p>\n<table style=\"width: 100%;\" border=\"0\">\n<tbody>\n<tr style=\"background-color: #ffffff;\">\n<td style=\"width: 2.8405%;\">&nbsp;<\/td>\n<td style=\"width: 96.5768%;\">\n<p style=\"text-align: justify;\"><span style=\"font-family: verdana, geneva, sans-serif; font-size: 10pt;\"><strong><a href=\"http:\/\/winestory.org\/wp-content\/uploads\/2025\/03\/image-640x631-1.jpg\"><img decoding=\"async\" class=\"alignleft size-thumbnail wp-image-5104\" src=\"http:\/\/winestory.org\/wp-content\/uploads\/2025\/03\/image-640x631-1-150x150.jpg\" alt=\"\" width=\"150\" height=\"150\" srcset=\"https:\/\/winestory.org\/wp-content\/uploads\/2025\/03\/image-640x631-1-150x150.jpg 150w, https:\/\/winestory.org\/wp-content\/uploads\/2025\/03\/image-640x631-1-300x300.jpg 300w, https:\/\/winestory.org\/wp-content\/uploads\/2025\/03\/image-640x631-1-75x75.jpg 75w\" sizes=\"(max-width: 150px) 100vw, 150px\" \/><\/a>Natacha Kitchen<\/strong> vous apprend la v\u00e9ritable cuisine fran\u00e7aise dans une maison fran\u00e7aise au c\u0153ur de la Vall\u00e9e de la Loire, \u00e0 Selles-sur-Cher<\/span><\/p>\n<p style=\"text-align: justify;\"><span style=\"font-family: verdana, geneva, sans-serif; font-size: 10pt;\">Natacha vous enseignera des recettes locales que vous pourrez facilement pr\u00e9parer chez vous. Dans sa cuisine, pas de recettes compliqu\u00e9es n\u00e9cessitant une expertise professionnelle et des outils sp\u00e9cialis\u00e9s : des recettes simples pour les repas de tous les jours<\/span><span style=\"font-family: verdana, geneva, sans-serif; font-size: 10pt;\">.<\/span><\/p>\n<p style=\"text-align: justify;\"><a href=\"https:\/\/www.natacha-s-kitchen.fr\/\"><span style=\"font-family: verdana, geneva, sans-serif; font-size: 10pt;\"><strong>NATACHA KITCHEN<\/strong><\/span><\/a><\/p>\n<\/td>\n<\/tr>\n<\/tbody>\n<\/table>\n","protected":false},"excerpt":{"rendered":"<p>&nbsp; &nbsp; Natacha Kitchen vous apprend la v\u00e9ritable cuisine fran\u00e7aise dans une maison fran\u00e7aise au c\u0153ur de la Vall\u00e9e de la Loire, \u00e0 Selles-sur-Cher Natacha vous enseignera des recettes locales que vous pourrez facilement pr\u00e9parer chez vous. Dans sa cuisine, pas de recettes compliqu\u00e9es n\u00e9cessitant une expertise professionnelle et des outils sp\u00e9cialis\u00e9s : des recettes simples pour les repas de tous les jours. NATACHA KITCHEN<\/p>\n","protected":false},"author":1,"featured_media":0,"parent":0,"menu_order":30,"comment_status":"open","ping_status":"open","template":"","meta":{"ngg_post_thumbnail":0,"footnotes":"","_links_to":"","_links_to_target":""},"class_list":["post-69","page","type-page","status-publish","hentry"],"aioseo_notices":[],"acf":[],"_links":{"self":[{"href":"https:\/\/winestory.org\/index.php?rest_route=\/wp\/v2\/pages\/69","targetHints":{"allow":["GET"]}}],"collection":[{"href":"https:\/\/winestory.org\/index.php?rest_route=\/wp\/v2\/pages"}],"about":[{"href":"https:\/\/winestory.org\/index.php?rest_route=\/wp\/v2\/types\/page"}],"author":[{"embeddable":true,"href":"https:\/\/winestory.org\/index.php?rest_route=\/wp\/v2\/users\/1"}],"replies":[{"embeddable":true,"href":"https:\/\/winestory.org\/index.php?rest_route=%2Fwp%2Fv2%2Fcomments&post=69"}],"version-history":[{"count":0,"href":"https:\/\/winestory.org\/index.php?rest_route=\/wp\/v2\/pages\/69\/revisions"}],"wp:attachment":[{"href":"https:\/\/winestory.org\/index.php?rest_route=%2Fwp%2Fv2%2Fmedia&parent=69"}],"curies":[{"name":"wp","href":"https:\/\/api.w.org\/{rel}","templated":true}]}}